{"id":3142,"date":"2021-06-17T16:02:37","date_gmt":"2021-06-17T16:02:37","guid":{"rendered":"http:\/\/respaldo.estericlean.com\/store\/?post_type=product&#038;p=3142"},"modified":"2024-06-21T20:28:47","modified_gmt":"2024-06-21T20:28:47","slug":"steel-glo-crema-300-g","status":"publish","type":"product","link":"https:\/\/respaldo.estericlean.com\/store\/producto\/steel-glo-crema-300-g\/","title":{"rendered":"Steel Glo Crema <br><span class=\"prest\">Envase 300 g<\/span>"},"content":{"rendered":"<p>[et_pb_section fb_built=&#8221;1&#8243; _builder_version=&#8221;4.16&#8243; custom_padding=&#8221;||||false|false&#8221; global_colors_info=&#8221;{}&#8221;][et_pb_row _builder_version=&#8221;4.16&#8243; background_size=&#8221;initial&#8221; background_position=&#8221;top_left&#8221; background_repeat=&#8221;repeat&#8221; width=&#8221;100%&#8221; max_width=&#8221;80%&#8221; custom_padding=&#8221;0px||0px||false|false&#8221; global_colors_info=&#8221;{}&#8221;][et_pb_column type=&#8221;4_4&#8243; _builder_version=&#8221;4.16&#8243; custom_padding=&#8221;|||&#8221; global_colors_info=&#8221;{}&#8221; custom_padding__hover=&#8221;|||&#8221;][et_pb_wc_breadcrumb _builder_version=&#8221;4.16&#8243; body_font=&#8221;Noto Sans||||||||&#8221; global_colors_info=&#8221;{}&#8221;][\/et_pb_wc_breadcrumb][et_pb_wc_cart_notice _builder_version=&#8221;4.16&#8243; background_color=&#8221;#137bd0&#8243; custom_button=&#8221;on&#8221; button_text_color=&#8221;#000000&#8243; button_custom_padding=&#8221;4px||4px||true|false&#8221; button_custom_padding_last_edited=&#8221;off|desktop&#8221; button_text_color_last_edited=&#8221;off|desktop&#8221; global_colors_info=&#8221;{}&#8221; button_text_color__hover_enabled=&#8221;off|desktop&#8221; button_custom_padding__hover_enabled=&#8221;on|hover&#8221; button_custom_padding__hover=&#8221;4px||4px||true|false&#8221;][\/et_pb_wc_cart_notice][\/et_pb_column][\/et_pb_row][et_pb_row column_structure=&#8221;1_2,1_2&#8243; _builder_version=&#8221;4.16&#8243; background_size=&#8221;initial&#8221; background_position=&#8221;top_left&#8221; background_repeat=&#8221;repeat&#8221; width=&#8221;100%&#8221; max_width=&#8221;80%&#8221; custom_padding=&#8221;0px||||false|false&#8221; global_colors_info=&#8221;{}&#8221;][et_pb_column type=&#8221;1_2&#8243; _builder_version=&#8221;4.16&#8243; custom_padding=&#8221;|0%||0%|false|true&#8221; global_colors_info=&#8221;{}&#8221; custom_padding__hover=&#8221;|||&#8221;][et_pb_wc_images _builder_version=&#8221;4.16&#8243; custom_margin=&#8221;||-2px|||&#8221; global_colors_info=&#8221;{}&#8221;][\/et_pb_wc_images][et_pb_image src=&#8221;http:\/\/respaldo.estericlean.com\/store\/wp-content\/uploads\/2021\/06\/usos-steel-glo.jpg&#8221; title_text=&#8221;usos-steel-glo&#8221; align=&#8221;center&#8221; _builder_version=&#8221;4.16&#8243; _module_preset=&#8221;default&#8221; width=&#8221;45%&#8221; custom_margin=&#8221;-15px||||false|false&#8221; border_radii=&#8221;on|10px|10px|10px|10px&#8221; global_colors_info=&#8221;{}&#8221;][\/et_pb_image][\/et_pb_column][et_pb_column type=&#8221;1_2&#8243; _builder_version=&#8221;4.16&#8243; custom_padding=&#8221;|||&#8221; global_colors_info=&#8221;{}&#8221; custom_padding__hover=&#8221;|||&#8221;][et_pb_wc_title _builder_version=&#8221;4.16&#8243; header_font=&#8221;|700|||||||&#8221; header_text_color=&#8221;#213360&#8243; header_font_size=&#8221;36px&#8221; header_letter_spacing=&#8221;1px&#8221; header_line_height=&#8221;1.3em&#8221; custom_margin=&#8221;||0px||false|false&#8221; global_colors_info=&#8221;{}&#8221;][\/et_pb_wc_title][et_pb_text _builder_version=&#8221;4.16&#8243; _module_preset=&#8221;default&#8221; text_font=&#8221;|600|||||||&#8221; text_text_color=&#8221;#9b9b9b&#8221; text_font_size=&#8221;23px&#8221; text_line_height=&#8221;1.2em&#8221; custom_margin=&#8221;7px||7px||false|false&#8221; text_orientation_tablet=&#8221;&#8221; text_orientation_phone=&#8221;center&#8221; text_orientation_last_edited=&#8221;on|phone&#8221; global_colors_info=&#8221;{}&#8221;]Crema[\/et_pb_text][et_pb_wc_description _builder_version=&#8221;4.16&#8243; body_font=&#8221;|600|||||||&#8221; body_text_color=&#8221;#213360&#8243; body_font_size=&#8221;15px&#8221; body_line_height=&#8221;1.6em&#8221; custom_margin=&#8221;15px||20px||false|false&#8221; global_colors_info=&#8221;{}&#8221;][\/et_pb_wc_description][et_pb_text _builder_version=&#8221;4.16&#8243; _module_preset=&#8221;default&#8221; text_font=&#8221;|600|||||||&#8221; text_text_color=&#8221;#213360&#8243; text_font_size=&#8221;17px&#8221; text_line_height=&#8221;1.2em&#8221; custom_margin=&#8221;0px||25px||false|false&#8221; text_orientation_tablet=&#8221;&#8221; text_orientation_phone=&#8221;center&#8221; text_orientation_last_edited=&#8221;on|phone&#8221; global_colors_info=&#8221;{}&#8221;]Solicitar por <a href=\"https:\/\/wa.link\/snaqn3\" target=\"_blank\" rel=\"noopener\"><span style=\"color: #25d366;\">Whatsapp<\/span><\/a>[\/et_pb_text][et_pb_button button_url=&#8221;http:\/\/respaldo.estericlean.com\/store\/solicitar-servicio\/&#8221; button_text=&#8221;Solicitar producto&#8221; button_alignment=&#8221;left&#8221; button_alignment_tablet=&#8221;&#8221; button_alignment_phone=&#8221;center&#8221; button_alignment_last_edited=&#8221;on|phone&#8221; _builder_version=&#8221;4.16&#8243; _module_preset=&#8221;default&#8221; custom_button=&#8221;on&#8221; button_text_size=&#8221;16px&#8221; button_text_color=&#8221;#ffffff&#8221; button_bg_color=&#8221;#137CD0&#8243; button_border_width=&#8221;0px&#8221; button_border_radius=&#8221;30px&#8221; button_letter_spacing=&#8221;1px&#8221; button_font=&#8221;Quicksand|500|||||||&#8221; button_use_icon=&#8221;off&#8221; custom_margin=&#8221;||||false|false&#8221; custom_padding=&#8221;7px|23px|7px|23px|true|true&#8221; global_colors_info=&#8221;{}&#8221; button_bg_color__hover=&#8221;#000000&#8243; button_bg_color__hover_enabled=&#8221;on|hover&#8221;][\/et_pb_button][et_pb_wc_meta _builder_version=&#8221;4.16&#8243; body_font=&#8221;Noto Sans||||||||&#8221; body_font_size=&#8221;13px&#8221; global_colors_info=&#8221;{}&#8221;][\/et_pb_wc_meta][\/et_pb_column][\/et_pb_row][et_pb_row column_structure=&#8221;3_5,2_5&#8243; use_custom_gutter=&#8221;on&#8221; gutter_width=&#8221;2&#8243; _builder_version=&#8221;4.16&#8243; background_size=&#8221;initial&#8221; background_position=&#8221;top_left&#8221; background_repeat=&#8221;repeat&#8221; width=&#8221;100%&#8221; max_width=&#8221;80%&#8221; custom_margin=&#8221;50px||||false|false&#8221; global_colors_info=&#8221;{}&#8221;][et_pb_column type=&#8221;3_5&#8243; _builder_version=&#8221;4.16&#8243; background_color=&#8221;#f8f8f8&#8243; custom_padding=&#8221;|||&#8221; border_radii=&#8221;on|20px|20px|20px|20px&#8221; global_colors_info=&#8221;{}&#8221; custom_padding__hover=&#8221;|||&#8221;][et_pb_wc_tabs active_tab_background_color=&#8221;#283b6a&#8221; inactive_tab_background_color=&#8221;#d6d6d6&#8243; active_tab_text_color=&#8221;#FFFFFF&#8221; _builder_version=&#8221;4.16&#8243; _module_preset=&#8221;default&#8221; tab_text_color=&#8221;#FFFFFF&#8221; body_font=&#8221;|600|||||||&#8221; body_text_color=&#8221;#213360&#8243; body_font_size=&#8221;15px&#8221; body_line_height=&#8221;1.6em&#8221; tab_font=&#8221;|700|||||||&#8221; tab_font_size=&#8221;17px&#8221; background_color=&#8221;#f8f8f8&#8243; border_radii=&#8221;on|20px|20px|20px|20px&#8221; global_colors_info=&#8221;{}&#8221;][\/et_pb_wc_tabs][\/et_pb_column][et_pb_column type=&#8221;2_5&#8243; _builder_version=&#8221;4.16&#8243; custom_padding=&#8221;|||&#8221; global_colors_info=&#8221;{}&#8221; custom_padding__hover=&#8221;|||&#8221;][et_pb_text _builder_version=&#8221;4.16&#8243; _module_preset=&#8221;default&#8221; text_font=&#8221;|600|||||||&#8221; text_text_color=&#8221;#9b9b9b&#8221; text_font_size=&#8221;29px&#8221; text_line_height=&#8221;1.2em&#8221; text_orientation=&#8221;center&#8221; custom_margin=&#8221;7px||7px||false|false&#8221; text_orientation_tablet=&#8221;&#8221; text_orientation_phone=&#8221;center&#8221; text_orientation_last_edited=&#8221;on|phone&#8221; global_colors_info=&#8221;{}&#8221;]Sellos[\/et_pb_text][et_pb_image src=&#8221;http:\/\/respaldo.estericlean.com\/store\/wp-content\/uploads\/2021\/06\/sellos-steel-glo.jpg&#8221; title_text=&#8221;sellos-steel-glo&#8221; align=&#8221;center&#8221; _builder_version=&#8221;4.16&#8243; _module_preset=&#8221;default&#8221; custom_margin=&#8221;40px||||false|false&#8221; global_colors_info=&#8221;{}&#8221;][\/et_pb_image][\/et_pb_column][\/et_pb_row][et_pb_row _builder_version=&#8221;4.16&#8243; _module_preset=&#8221;default&#8221; max_width=&#8221;80%&#8221; custom_margin=&#8221;5%|auto||auto|false|false&#8221; global_colors_info=&#8221;{}&#8221;][et_pb_column type=&#8221;4_4&#8243; _builder_version=&#8221;4.16&#8243; _module_preset=&#8221;default&#8221; global_colors_info=&#8221;{}&#8221;][et_pb_wc_related_products _builder_version=&#8221;4.16&#8243; title_font=&#8221;Quicksand|600|||||||&#8221; title_text_color=&#8221;#222e51&#8243; product_title_font=&#8221;Quicksand|600|||||||&#8221; product_title_text_align=&#8221;center&#8221; product_title_font_size=&#8221;16px&#8221; product_title_line_height=&#8221;1.5em&#8221; price_font=&#8221;Quicksand|600|||||||&#8221; price_text_align=&#8221;center&#8221; price_text_color=&#8221;#137bd0&#8243; price_font_size=&#8221;18px&#8221; price_line_height=&#8221;26px&#8221; text_orientation=&#8221;center&#8221; border_radii_image=&#8221;off|20px|20px||&#8221; border_color_all_image=&#8221;rgba(0,0,0,0)&#8221; global_colors_info=&#8221;{}&#8221;][\/et_pb_wc_related_products][\/et_pb_column][\/et_pb_row][\/et_pb_section]<\/p>\n","protected":false},"excerpt":{"rendered":"<p><strong>REMOVEDOR DE RESIDUOS Y \u00d3XIDO<\/strong><br \/>\nMezcla de solventes c\u00edtricos y abrasivos naturales.<\/p>\n<p><strong>Limpiador y Desmanchador en Crema:<\/strong><\/p>\n<p>STEEL GLO CREMA ofrece la mejor alternativa de limpieza y desmanchado de superficies en acero inoxidable y aluminio.<\/p>\n<p>Es un producto con componentes ecol\u00f3gicamente desarrollados, contiene solventes c\u00edtricos derivados de la naranja, tensoactivos de \u00faltima generaci\u00f3n y abrasivo natural a base de zeolita.<\/p>\n<p>Producto no corrosivo para los materiales que remueve el \u00f3xido en equipos ya deteriorados y devuelve el brillo original a sus superficies de acero inoxidable. <strong>Previene el destructivo pitting generado por residuos de aguas duras, agentes qu\u00edmicos o exposici\u00f3n al calor.<\/strong><\/p>\n","protected":false},"featured_media":5942,"comment_status":"open","ping_status":"closed","template":"","meta":{"nf_dc_page":"","_et_pb_use_builder":"on","_et_pb_old_content":"\u2022 Alto rendimiento.\r\n\u2022 Remoci\u00f3n profunda de residuos.\r\n\u2022 Producto f\u00e1cil y seguro de usar.\r\n\u2022 Elaborado con materias primas naturales.\r\n\u2022 No genera vapores t\u00f3xicos.\r\n\u2022 F\u00e1cil de retirar.","_et_gb_content_width":"","om_disable_all_campaigns":false,"_joinchat":[]},"product_brand":[],"product_cat":[31,25],"product_tag":[],"class_list":{"0":"post-3142","1":"product","2":"type-product","3":"status-publish","4":"has-post-thumbnail","6":"product_cat-limpieza-general","7":"product_cat-industriales","9":"first","10":"instock","11":"shipping-taxable","12":"product-type-simple"},"jetpack_sharing_enabled":true,"_links":{"self":[{"href":"https:\/\/respaldo.estericlean.com\/store\/wp-json\/wp\/v2\/product\/3142","targetHints":{"allow":["GET"]}}],"collection":[{"href":"https:\/\/respaldo.estericlean.com\/store\/wp-json\/wp\/v2\/product"}],"about":[{"href":"https:\/\/respaldo.estericlean.com\/store\/wp-json\/wp\/v2\/types\/product"}],"replies":[{"embeddable":true,"href":"https:\/\/respaldo.estericlean.com\/store\/wp-json\/wp\/v2\/comments?post=3142"}],"wp:featuredmedia":[{"embeddable":true,"href":"https:\/\/respaldo.estericlean.com\/store\/wp-json\/wp\/v2\/media\/5942"}],"wp:attachment":[{"href":"https:\/\/respaldo.estericlean.com\/store\/wp-json\/wp\/v2\/media?parent=3142"}],"wp:term":[{"taxonomy":"product_brand","embeddable":true,"href":"https:\/\/respaldo.estericlean.com\/store\/wp-json\/wp\/v2\/product_brand?post=3142"},{"taxonomy":"product_cat","embeddable":true,"href":"https:\/\/respaldo.estericlean.com\/store\/wp-json\/wp\/v2\/product_cat?post=3142"},{"taxonomy":"product_tag","embeddable":true,"href":"https:\/\/respaldo.estericlean.com\/store\/wp-json\/wp\/v2\/product_tag?post=3142"}],"curies":[{"name":"wp","href":"https:\/\/api.w.org\/{rel}","templated":true}]}}