{"id":3092,"date":"2021-06-15T22:22:20","date_gmt":"2021-06-15T22:22:20","guid":{"rendered":"http:\/\/respaldo.estericlean.com\/store\/?post_type=product&#038;p=3092"},"modified":"2022-05-09T13:29:30","modified_gmt":"2022-05-09T13:29:30","slug":"jabon-lavamanos","status":"publish","type":"product","link":"https:\/\/respaldo.estericlean.com\/store\/producto\/jabon-lavamanos\/","title":{"rendered":"Jab\u00f3n Lavamanos"},"content":{"rendered":"<p>[et_pb_section fb_built=&#8221;1&#8243; _builder_version=&#8221;4.9.4&#8243; custom_padding=&#8221;||||false|false&#8221; global_colors_info=&#8221;{}&#8221;][et_pb_row _builder_version=&#8221;4.9.4&#8243; background_size=&#8221;initial&#8221; background_position=&#8221;top_left&#8221; background_repeat=&#8221;repeat&#8221; width=&#8221;100%&#8221; max_width=&#8221;80%&#8221; custom_padding=&#8221;0px||0px||false|false&#8221; global_colors_info=&#8221;{}&#8221;][et_pb_column type=&#8221;4_4&#8243; _builder_version=&#8221;3.25&#8243; custom_padding=&#8221;|||&#8221; global_colors_info=&#8221;{}&#8221; custom_padding__hover=&#8221;|||&#8221;][et_pb_wc_breadcrumb _builder_version=&#8221;4.7.7&#8243; body_font=&#8221;Noto Sans||||||||&#8221; global_colors_info=&#8221;{}&#8221;][\/et_pb_wc_breadcrumb][et_pb_wc_cart_notice _builder_version=&#8221;4.9.2&#8243; background_color=&#8221;#137bd0&#8243; custom_button=&#8221;on&#8221; button_text_color=&#8221;#000000&#8243; button_custom_padding=&#8221;4px||4px||true|false&#8221; button_custom_padding_last_edited=&#8221;off|desktop&#8221; button_text_color_last_edited=&#8221;off|desktop&#8221; global_colors_info=&#8221;{}&#8221; button_text_color__hover_enabled=&#8221;off|desktop&#8221; button_custom_padding__hover_enabled=&#8221;on|hover&#8221; button_custom_padding__hover=&#8221;4px||4px||true|false&#8221;][\/et_pb_wc_cart_notice][\/et_pb_column][\/et_pb_row][et_pb_row column_structure=&#8221;1_2,1_2&#8243; _builder_version=&#8221;4.9.4&#8243; background_size=&#8221;initial&#8221; background_position=&#8221;top_left&#8221; background_repeat=&#8221;repeat&#8221; width=&#8221;100%&#8221; max_width=&#8221;80%&#8221; custom_padding=&#8221;0px||||false|false&#8221; global_colors_info=&#8221;{}&#8221;][et_pb_column type=&#8221;1_2&#8243; _builder_version=&#8221;4.9.4&#8243; custom_padding=&#8221;|0%||0%|false|true&#8221; global_colors_info=&#8221;{}&#8221; custom_padding__hover=&#8221;|||&#8221;][et_pb_wc_images _builder_version=&#8221;4.9.4&#8243; custom_margin=&#8221;||-2px|||&#8221; global_colors_info=&#8221;{}&#8221;][\/et_pb_wc_images][\/et_pb_column][et_pb_column type=&#8221;1_2&#8243; _builder_version=&#8221;3.25&#8243; custom_padding=&#8221;|||&#8221; global_colors_info=&#8221;{}&#8221; custom_padding__hover=&#8221;|||&#8221;][et_pb_wc_title _builder_version=&#8221;4.9.4&#8243; header_font=&#8221;|700|||||||&#8221; header_text_color=&#8221;#213360&#8243; header_font_size=&#8221;36px&#8221; header_letter_spacing=&#8221;1px&#8221; header_line_height=&#8221;1.3em&#8221; custom_margin=&#8221;||0px||false|false&#8221; global_colors_info=&#8221;{}&#8221;][\/et_pb_wc_title][et_pb_wc_price _builder_version=&#8221;4.9.10&#8243; _module_preset=&#8221;default&#8221; body_font=&#8221;|700|||||||&#8221; body_font_size=&#8221;23px&#8221; custom_margin=&#8221;10px||0px||false|false&#8221; global_colors_info=&#8221;{}&#8221;][\/et_pb_wc_price][et_pb_wc_description _builder_version=&#8221;4.9.7&#8243; body_font=&#8221;|600|||||||&#8221; body_text_color=&#8221;#213360&#8243; body_font_size=&#8221;15px&#8221; body_line_height=&#8221;1.6em&#8221; custom_margin=&#8221;15px||20px||false|false&#8221; global_colors_info=&#8221;{}&#8221;][\/et_pb_wc_description][et_pb_text _builder_version=&#8221;4.10.2&#8243; _module_preset=&#8221;default&#8221; text_font=&#8221;|600|||||||&#8221; text_text_color=&#8221;#213360&#8243; text_font_size=&#8221;17px&#8221; text_line_height=&#8221;1.2em&#8221; custom_margin=&#8221;0px||25px||false|false&#8221; hover_enabled=&#8221;0&#8243; text_orientation_tablet=&#8221;&#8221; text_orientation_phone=&#8221;center&#8221; text_orientation_last_edited=&#8221;on|phone&#8221; global_colors_info=&#8221;{}&#8221; sticky_enabled=&#8221;0&#8243;]Solicitar por <a href=\"https:\/\/wa.link\/snaqn3\" target=\"_blank\" rel=\"noopener\"><span style=\"color: #25d366;\">Whatsapp<\/span><\/a>[\/et_pb_text][et_pb_wc_add_to_cart _builder_version=&#8221;4.9.10&#8243; _module_preset=&#8221;default&#8221; global_colors_info=&#8221;{}&#8221;][\/et_pb_wc_add_to_cart][et_pb_wc_meta _builder_version=&#8221;4.9.4&#8243; body_font=&#8221;Noto Sans||||||||&#8221; body_font_size=&#8221;13px&#8221; custom_margin=&#8221;0px||0px||false|false&#8221; global_colors_info=&#8221;{}&#8221;][\/et_pb_wc_meta][et_pb_text _builder_version=&#8221;4.9.4&#8243; _module_preset=&#8221;default&#8221; custom_margin=&#8221;-20px||||false|false&#8221; global_colors_info=&#8221;{}&#8221;]<\/p>\n<p><img data-recalc-dims=\"1\" decoding=\"async\" src=\"https:\/\/i0.wp.com\/respaldo.estericlean.com\/store\/wp-content\/uploads\/2021\/06\/logo-eco-1.jpg?w=100\"  alt=\"\" \/>\u00a0 \u00a0 <img data-recalc-dims=\"1\" decoding=\"async\" src=\"https:\/\/i0.wp.com\/respaldo.estericlean.com\/store\/wp-content\/uploads\/2021\/06\/logo-esterihome-300x83.png?w=150\"  alt=\"\" \/><\/p>\n<p>[\/et_pb_text][\/et_pb_column][\/et_pb_row][et_pb_row _builder_version=&#8221;4.9.4&#8243; _module_preset=&#8221;default&#8221; max_width=&#8221;80%&#8221; custom_margin=&#8221;0%|auto||auto|false|false&#8221; global_colors_info=&#8221;{}&#8221;][et_pb_column type=&#8221;4_4&#8243; _builder_version=&#8221;4.7.7&#8243; _module_preset=&#8221;default&#8221; global_colors_info=&#8221;{}&#8221;][et_pb_wc_related_products _builder_version=&#8221;4.9.2&#8243; title_font=&#8221;Quicksand|600|||||||&#8221; title_text_color=&#8221;#222e51&#8243; product_title_font=&#8221;Quicksand|600|||||||&#8221; product_title_text_align=&#8221;center&#8221; product_title_font_size=&#8221;16px&#8221; product_title_line_height=&#8221;1.5em&#8221; price_font=&#8221;Quicksand|600|||||||&#8221; price_text_align=&#8221;center&#8221; price_text_color=&#8221;#137bd0&#8243; price_font_size=&#8221;18px&#8221; price_line_height=&#8221;26px&#8221; text_orientation=&#8221;center&#8221; border_radii_image=&#8221;off|20px|20px||&#8221; border_color_all_image=&#8221;rgba(0,0,0,0)&#8221; global_colors_info=&#8221;{}&#8221;][\/et_pb_wc_related_products][\/et_pb_column][\/et_pb_row][\/et_pb_section]<\/p>\n","protected":false},"excerpt":{"rendered":"<p>\u2022 Tus manos tan descontaminadas y suaves, como las de un cirujano.<br \/>\n\u2022 Cuidadosamente dise\u00f1ado para ofrecer una efectiva remoci\u00f3n de todo tipo de materia org\u00e1nica y suciedad de la piel.<br \/>\n\u2022 Reduce el riesgo de infecciones, gracias a sus componentes grado m\u00e9dico.<br \/>\n\u2022 Elimina g\u00e9rmenes y bacterias de manera eficiente.<br \/>\n\u2022 Contiene glicerina para ofrecer una acci\u00f3n hidratante y suavizante, cuidando la piel.<\/p>\n<p><strong>Presentaci\u00f3n:<\/strong> Envase x 500 mL con v\u00e1lvula dispensadora.<\/p>\n","protected":false},"featured_media":3093,"comment_status":"open","ping_status":"closed","template":"","meta":{"nf_dc_page":"","_et_pb_use_builder":"on","_et_pb_old_content":"","_et_gb_content_width":"","om_disable_all_campaigns":false,"_joinchat":[]},"product_brand":[],"product_cat":[42,27],"product_tag":[],"class_list":{"0":"post-3092","1":"product","2":"type-product","3":"status-publish","4":"has-post-thumbnail","6":"product_cat-cuida-tu-hogar","7":"product_cat-linea-hogar","9":"first","10":"instock","11":"shipping-taxable","12":"purchasable","13":"product-type-simple"},"jetpack_sharing_enabled":true,"_links":{"self":[{"href":"https:\/\/respaldo.estericlean.com\/store\/wp-json\/wp\/v2\/product\/3092","targetHints":{"allow":["GET"]}}],"collection":[{"href":"https:\/\/respaldo.estericlean.com\/store\/wp-json\/wp\/v2\/product"}],"about":[{"href":"https:\/\/respaldo.estericlean.com\/store\/wp-json\/wp\/v2\/types\/product"}],"replies":[{"embeddable":true,"href":"https:\/\/respaldo.estericlean.com\/store\/wp-json\/wp\/v2\/comments?post=3092"}],"wp:featuredmedia":[{"embeddable":true,"href":"https:\/\/respaldo.estericlean.com\/store\/wp-json\/wp\/v2\/media\/3093"}],"wp:attachment":[{"href":"https:\/\/respaldo.estericlean.com\/store\/wp-json\/wp\/v2\/media?parent=3092"}],"wp:term":[{"taxonomy":"product_brand","embeddable":true,"href":"https:\/\/respaldo.estericlean.com\/store\/wp-json\/wp\/v2\/product_brand?post=3092"},{"taxonomy":"product_cat","embeddable":true,"href":"https:\/\/respaldo.estericlean.com\/store\/wp-json\/wp\/v2\/product_cat?post=3092"},{"taxonomy":"product_tag","embeddable":true,"href":"https:\/\/respaldo.estericlean.com\/store\/wp-json\/wp\/v2\/product_tag?post=3092"}],"curies":[{"name":"wp","href":"https:\/\/api.w.org\/{rel}","templated":true}]}}