{"id":989,"date":"2020-11-20T15:32:42","date_gmt":"2020-11-20T15:32:42","guid":{"rendered":"http:\/\/respaldo.estericlean.com\/store\/?page_id=989"},"modified":"2021-03-26T11:49:25","modified_gmt":"2021-03-26T11:49:25","slug":"acompanamiento-continuo","status":"publish","type":"page","link":"https:\/\/respaldo.estericlean.com\/store\/acompanamiento-continuo\/","title":{"rendered":"Acompa\u00f1amiento continuo"},"content":{"rendered":"<p>[et_pb_section fb_built=&#8221;1&#8243; _builder_version=&#8221;4.9.2&#8243; _module_preset=&#8221;default&#8221; background_enable_color=&#8221;off&#8221; use_background_color_gradient=&#8221;on&#8221; background_color_gradient_start=&#8221;rgba(19,124,208,0.77)&#8221; background_color_gradient_end=&#8221;rgba(40,59,106,0.48)&#8221; background_color_gradient_direction=&#8221;90deg&#8221; background_color_gradient_start_position=&#8221;26%&#8221; background_color_gradient_overlays_image=&#8221;on&#8221; background_image=&#8221;http:\/\/respaldo.estericlean.com\/store\/wp-content\/uploads\/2021\/01\/acompanamiento-continuo.jpg&#8221; background_position=&#8221;top_right&#8221; custom_margin=&#8221;11px||||false|false&#8221; custom_padding=&#8221;3%||3%||true|false&#8221;][et_pb_row column_structure=&#8221;1_2,1_2&#8243; _builder_version=&#8221;4.9.2&#8243; _module_preset=&#8221;default&#8221; width=&#8221;90%&#8221; max_width=&#8221;90%&#8221; custom_padding=&#8221;||||false|false&#8221; custom_padding_phone=&#8221;20%||0px||false|false&#8221; custom_padding_last_edited=&#8221;on|desktop&#8221;][et_pb_column type=&#8221;1_2&#8243; _builder_version=&#8221;4.9.2&#8243; _module_preset=&#8221;default&#8221;][et_pb_text _builder_version=&#8221;4.9.2&#8243; text_font=&#8221;Quicksand|600|||||||&#8221; text_text_color=&#8221;#FFFFFF&#8221; text_font_size=&#8221;40px&#8221; text_letter_spacing=&#8221;1px&#8221; custom_margin=&#8221;||25px||false|false&#8221; custom_padding=&#8221;||||false|false&#8221; hover_enabled=&#8221;0&#8243; text_orientation_tablet=&#8221;&#8221; text_orientation_phone=&#8221;center&#8221; text_orientation_last_edited=&#8221;on|phone&#8221; locked=&#8221;off&#8221; text_line_height=&#8221;1.1em&#8221; sticky_enabled=&#8221;0&#8243;]Acompa\u00f1amiento continuo[\/et_pb_text][et_pb_text _builder_version=&#8221;4.9.2&#8243; _module_preset=&#8221;default&#8221; text_text_color=&#8221;#FFFFFF&#8221; text_orientation_phone=&#8221;center&#8221; text_orientation_last_edited=&#8221;on|phone&#8221;]<\/p>\n<p><span style=\"color: #999999;\"><a href=\"http:\/\/respaldo.estericlean.com\/store\/estericlean\/\" style=\"color: #fff;\">Inicio<\/a> <\/span>\/ Acompa\u00f1amiento continuo<\/p>\n<p>[\/et_pb_text][\/et_pb_column][et_pb_column type=&#8221;1_2&#8243; _builder_version=&#8221;4.9.2&#8243; _module_preset=&#8221;default&#8221;][\/et_pb_column][\/et_pb_row][\/et_pb_section][et_pb_section fb_built=&#8221;1&#8243; admin_label=&#8221;Hero&#8221; _builder_version=&#8221;4.6.6&#8243; custom_padding=&#8221;0|0px|0px|0px|false|false&#8221; bottom_divider_height=&#8221;0px&#8221; border_width_bottom=&#8221;1px&#8221; border_color_bottom=&#8221;#efefef&#8221;][et_pb_row _builder_version=&#8221;4.6.6&#8243; _module_preset=&#8221;default&#8221; custom_padding=&#8221;49px|||||&#8221;][et_pb_column type=&#8221;4_4&#8243; _builder_version=&#8221;4.6.6&#8243; _module_preset=&#8221;default&#8221;][et_pb_text _builder_version=&#8221;4.9.2&#8243; _module_preset=&#8221;default&#8221; text_font=&#8221;Quicksand|600|||||||&#8221; text_text_color=&#8221;#222e51&#8243; text_font_size=&#8221;27px&#8221; text_line_height=&#8221;1.3em&#8221; text_orientation=&#8221;center&#8221; custom_margin=&#8221;||25px||false|false&#8221; custom_padding=&#8221;||||false|false&#8221; text_orientation_tablet=&#8221;&#8221; text_orientation_phone=&#8221;center&#8221; text_orientation_last_edited=&#8221;on|phone&#8221;]Hemos dise\u00f1ado un completo modelo de servicio que ofrece beneficios adicionales enfocados al acompa\u00f1amiento continuo.[\/et_pb_text][\/et_pb_column][\/et_pb_row][et_pb_row column_structure=&#8221;1_2,1_2&#8243; _builder_version=&#8221;4.9.2&#8243; _module_preset=&#8221;default&#8221; background_enable_color=&#8221;off&#8221; max_width=&#8221;80%&#8221; custom_margin=&#8221;40px|auto|31px|auto|false|false&#8221; custom_padding=&#8221;||27px|||&#8221; border_radii=&#8221;on|10px|10px|10px|10px&#8221;][et_pb_column type=&#8221;1_2&#8243; _builder_version=&#8221;4.7.3&#8243; _module_preset=&#8221;default&#8221;][et_pb_text _builder_version=&#8221;4.9.2&#8243; _module_preset=&#8221;default&#8221; text_font=&#8221;Quicksand|600|||||||&#8221; text_text_color=&#8221;#222e51&#8243; text_font_size=&#8221;30px&#8221; text_letter_spacing=&#8221;1px&#8221; custom_margin=&#8221;||0px||false|false&#8221; custom_padding=&#8221;||||false|false&#8221; text_orientation_tablet=&#8221;&#8221; text_orientation_phone=&#8221;center&#8221; text_orientation_last_edited=&#8221;on|phone&#8221;]Modelo C.T.E.[\/et_pb_text][et_pb_text _builder_version=&#8221;4.9.2&#8243; _module_preset=&#8221;default&#8221; text_font=&#8221;|600|||||||&#8221; text_text_color=&#8221;#213360&#8243; text_font_size=&#8221;16px&#8221; text_line_height=&#8221;1.6em&#8221; custom_margin=&#8221;25px||||false|false&#8221; custom_padding=&#8221;||||false|false&#8221; text_orientation_tablet=&#8221;&#8221; text_orientation_phone=&#8221;center&#8221; text_orientation_last_edited=&#8221;on|phone&#8221; border_color_left=&#8221;#0e204d&#8221;]<\/p>\n<p><span>Conferencias T\u00e9cnicas Especializadas es un modelo que brinda capacitaci\u00f3n continua a las entidades que codifiquen la L\u00ednea ESTERICLEAN. <\/span><\/p>\n<p><span>Temas como: Seguridad en el manejo de productos qu\u00edmicos, Buenas pr\u00e1cticas de Desinfecci\u00f3n y Esterilizaci\u00f3n, Seguridad del paciente, Protocolos de Bioseguridad y Aplicaci\u00f3n de programas de asepsia.<\/span><\/p>\n<p>[\/et_pb_text][\/et_pb_column][et_pb_column type=&#8221;1_2&#8243; _builder_version=&#8221;4.7.3&#8243; _module_preset=&#8221;default&#8221;][et_pb_image src=&#8221;http:\/\/respaldo.estericlean.com\/store\/wp-content\/uploads\/2020\/12\/acompanamiento.jpg&#8221; title_text=&#8221;acompanamiento&#8221; align=&#8221;center&#8221; _builder_version=&#8221;4.9.2&#8243; _module_preset=&#8221;default&#8221; custom_margin=&#8221;||||false|false&#8221; border_radii=&#8221;on|20px|20px|20px|20px&#8221;][\/et_pb_image][\/et_pb_column][\/et_pb_row][et_pb_row column_structure=&#8221;1_2,1_2&#8243; _builder_version=&#8221;4.9.2&#8243; _module_preset=&#8221;default&#8221; background_enable_color=&#8221;off&#8221; max_width=&#8221;80%&#8221; custom_margin=&#8221;|auto|31px|auto||&#8221; custom_padding=&#8221;||27px|||&#8221; border_radii=&#8221;on|10px|10px|10px|10px&#8221;][et_pb_column type=&#8221;1_2&#8243; _builder_version=&#8221;4.7.3&#8243; _module_preset=&#8221;default&#8221;][et_pb_text _builder_version=&#8221;4.9.2&#8243; _module_preset=&#8221;default&#8221; text_font=&#8221;Quicksand|600|||||||&#8221; text_text_color=&#8221;#222e51&#8243; text_font_size=&#8221;30px&#8221; text_letter_spacing=&#8221;1px&#8221; custom_margin=&#8221;||0px||false|false&#8221; custom_padding=&#8221;||||false|false&#8221; text_orientation_tablet=&#8221;&#8221; text_orientation_phone=&#8221;center&#8221; text_orientation_last_edited=&#8221;on|phone&#8221;]Modelo Visi\u00f3n Compartida.[\/et_pb_text][et_pb_text _builder_version=&#8221;4.9.2&#8243; _module_preset=&#8221;default&#8221; text_font=&#8221;||||||||&#8221; text_text_color=&#8221;#848e9f&#8221; text_font_size=&#8221;16px&#8221; text_line_height=&#8221;1.6em&#8221; custom_margin=&#8221;25px||||false|false&#8221; custom_padding=&#8221;||||false|false&#8221; text_orientation_tablet=&#8221;&#8221; text_orientation_phone=&#8221;center&#8221; text_orientation_last_edited=&#8221;on|phone&#8221; border_color_left=&#8221;#0e204d&#8221;]<\/p>\n<p><span>Es un modelo que sirve como apoyo a los jefes de compras o jefes de \u00e1rea. Mediante un software de avanzada, apoyamos el control de inventarios, proyectamos los consumos por hist\u00f3ricos, reducimos los stocks en los almacenes de nuestros clientes y prevenimos los agotados. El software, arroja al Jefe de Compras un pedido sugerido para su aprobaci\u00f3n, as\u00ed podemos tambi\u00e9n proyectar internamente, los lotes de producci\u00f3n.<\/span><\/p>\n<p>[\/et_pb_text][\/et_pb_column][et_pb_column type=&#8221;1_2&#8243; _builder_version=&#8221;4.7.3&#8243; _module_preset=&#8221;default&#8221;][et_pb_text _builder_version=&#8221;4.8.2&#8243; _module_preset=&#8221;default&#8221; text_font=&#8221;Quicksand|600|||||||&#8221; text_text_color=&#8221;#222e51&#8243; text_font_size=&#8221;30px&#8221; text_letter_spacing=&#8221;1px&#8221; custom_margin=&#8221;||0px||false|false&#8221; custom_padding=&#8221;||||false|false&#8221; text_orientation_tablet=&#8221;&#8221; text_orientation_phone=&#8221;center&#8221; text_orientation_last_edited=&#8221;on|phone&#8221;]Modelo Agente Programado.[\/et_pb_text][et_pb_text _builder_version=&#8221;4.9.2&#8243; _module_preset=&#8221;default&#8221; text_font=&#8221;||||||||&#8221; text_text_color=&#8221;#213360&#8243; text_font_size=&#8221;16px&#8221; text_line_height=&#8221;1.6em&#8221; custom_margin=&#8221;25px||||false|false&#8221; custom_padding=&#8221;||||false|false&#8221; text_orientation_tablet=&#8221;&#8221; text_orientation_phone=&#8221;center&#8221; text_orientation_last_edited=&#8221;on|phone&#8221; border_color_left=&#8221;#0e204d&#8221;]<\/p>\n<p><span>Es un cronograma de visitas de mantenimiento y soporte, agendado con anticipaci\u00f3n. Cada visita mensual genera un Contact Report que se entregar\u00e1 a los jefes de \u00e1rea, en el que se plasma una descripci\u00f3n del estado en el que se encuentran los procesos en las diferentes \u00e1reas y algunas recomendaciones realizadas a sus empleados.<\/span><\/p>\n<p> <span>Igualmente se agenda las visitas de mantenimiento a los equipos instalados bajo la modalidad de comodato.<\/span><\/p>\n<p>[\/et_pb_text][\/et_pb_column][\/et_pb_row][\/et_pb_section]<\/p>\n","protected":false},"excerpt":{"rendered":"<p>Acompa\u00f1amiento continuoInicio \/ Acompa\u00f1amiento continuoHemos dise\u00f1ado un completo modelo de servicio que ofrece beneficios adicionales enfocados al acompa\u00f1amiento continuo.Modelo C.T.E.Conferencias T\u00e9cnicas Especializadas es un modelo que brinda capacitaci\u00f3n continua a las entidades que codifiquen la L\u00ednea ESTERICLEAN. Temas como: Seguridad en el manejo de productos qu\u00edmicos, Buenas pr\u00e1cticas de Desinfecci\u00f3n y Esterilizaci\u00f3n, Seguridad del paciente, [&hellip;]<\/p>\n","protected":false},"author":1,"featured_media":0,"parent":0,"menu_order":0,"comment_status":"closed","ping_status":"closed","template":"","meta":{"nf_dc_page":"","_et_pb_use_builder":"on","_et_pb_old_content":"","_et_gb_content_width":"1080","om_disable_all_campaigns":false,"_joinchat":[],"footnotes":""},"class_list":["post-989","page","type-page","status-publish","hentry"],"jetpack_sharing_enabled":true,"_links":{"self":[{"href":"https:\/\/respaldo.estericlean.com\/store\/wp-json\/wp\/v2\/pages\/989","targetHints":{"allow":["GET"]}}],"collection":[{"href":"https:\/\/respaldo.estericlean.com\/store\/wp-json\/wp\/v2\/pages"}],"about":[{"href":"https:\/\/respaldo.estericlean.com\/store\/wp-json\/wp\/v2\/types\/page"}],"author":[{"embeddable":true,"href":"https:\/\/respaldo.estericlean.com\/store\/wp-json\/wp\/v2\/users\/1"}],"replies":[{"embeddable":true,"href":"https:\/\/respaldo.estericlean.com\/store\/wp-json\/wp\/v2\/comments?post=989"}],"version-history":[{"count":21,"href":"https:\/\/respaldo.estericlean.com\/store\/wp-json\/wp\/v2\/pages\/989\/revisions"}],"predecessor-version":[{"id":2696,"href":"https:\/\/respaldo.estericlean.com\/store\/wp-json\/wp\/v2\/pages\/989\/revisions\/2696"}],"wp:attachment":[{"href":"https:\/\/respaldo.estericlean.com\/store\/wp-json\/wp\/v2\/media?parent=989"}],"curies":[{"name":"wp","href":"https:\/\/api.w.org\/{rel}","templated":true}]}}