{"id":3303,"date":"2021-06-21T21:46:04","date_gmt":"2021-06-21T21:46:04","guid":{"rendered":"http:\/\/respaldo.estericlean.com\/store\/?page_id=3303"},"modified":"2021-08-19T22:16:31","modified_gmt":"2021-08-19T22:16:31","slug":"tapabocas-desechables","status":"publish","type":"page","link":"https:\/\/respaldo.estericlean.com\/store\/tapabocas-desechables\/","title":{"rendered":"Tapabocas desechables"},"content":{"rendered":"<p>[et_pb_section fb_built=&#8221;1&#8243; _builder_version=&#8221;4.9.2&#8243; _module_preset=&#8221;default&#8221; background_enable_color=&#8221;off&#8221; use_background_color_gradient=&#8221;on&#8221; background_color_gradient_start=&#8221;rgba(19,124,208,0.77)&#8221; background_color_gradient_end=&#8221;rgba(40,59,106,0.48)&#8221; background_color_gradient_direction=&#8221;90deg&#8221; background_color_gradient_start_position=&#8221;26%&#8221; background_color_gradient_overlays_image=&#8221;on&#8221; background_image=&#8221;http:\/\/respaldo.estericlean.com\/store\/wp-content\/uploads\/2021\/03\/cabezote-esteritex.jpg&#8221; custom_margin=&#8221;11px||||false|false&#8221; custom_padding=&#8221;3%||3%||true|false&#8221; global_colors_info=&#8221;{}&#8221;][et_pb_row column_structure=&#8221;1_2,1_2&#8243; _builder_version=&#8221;4.9.2&#8243; _module_preset=&#8221;default&#8221; width=&#8221;90%&#8221; max_width=&#8221;90%&#8221; global_colors_info=&#8221;{}&#8221;][et_pb_column type=&#8221;1_2&#8243; _builder_version=&#8221;4.9.2&#8243; _module_preset=&#8221;default&#8221; global_colors_info=&#8221;{}&#8221;][et_pb_text _builder_version=&#8221;4.10.1&#8243; text_font=&#8221;Quicksand|600|||||||&#8221; text_text_color=&#8221;#FFFFFF&#8221; text_font_size=&#8221;40px&#8221; text_letter_spacing=&#8221;1px&#8221; custom_margin=&#8221;||25px||false|false&#8221; custom_padding=&#8221;||||false|false&#8221; hover_enabled=&#8221;0&#8243; text_orientation_tablet=&#8221;&#8221; text_orientation_phone=&#8221;center&#8221; text_orientation_last_edited=&#8221;on|phone&#8221; locked=&#8221;off&#8221; global_colors_info=&#8221;{}&#8221; text_line_height=&#8221;1.4em&#8221; sticky_enabled=&#8221;0&#8243;]<\/p>\n<p>Tapabocas desechables<\/p>\n<p>[\/et_pb_text][et_pb_text _builder_version=&#8221;4.10.1&#8243; _module_preset=&#8221;default&#8221; text_text_color=&#8221;#FFFFFF&#8221; hover_enabled=&#8221;0&#8243; global_colors_info=&#8221;{}&#8221; text_orientation_last_edited=&#8221;on|phone&#8221; text_orientation_phone=&#8221;center&#8221; sticky_enabled=&#8221;0&#8243;]<\/p>\n<p><span style=\"color: #fff;\"><a href=\"http:\/\/respaldo.estericlean.com\/store\/estericlean\/\" style=\"color: #fff;\">Inicio<\/a> <\/span>\/ Tapabocas desechables<\/p>\n<p>[\/et_pb_text][\/et_pb_column][et_pb_column type=&#8221;1_2&#8243; _builder_version=&#8221;4.9.2&#8243; _module_preset=&#8221;default&#8221; global_colors_info=&#8221;{}&#8221;][\/et_pb_column][\/et_pb_row][\/et_pb_section][et_pb_section fb_built=&#8221;1&#8243; admin_label=&#8221;Collections&#8221; module_id=&#8221;tapabocas&#8221; _builder_version=&#8221;4.9.7&#8243; custom_padding=&#8221;0px|0px|0px|0px|false|false&#8221; global_colors_info=&#8221;{}&#8221;][et_pb_row column_structure=&#8221;1_2,1_2&#8243; use_custom_gutter=&#8221;on&#8221; gutter_width=&#8221;1&#8243; make_equal=&#8221;on&#8221; _builder_version=&#8221;4.9.2&#8243; width=&#8221;100%&#8221; max_width=&#8221;100%&#8221; module_alignment=&#8221;center&#8221; custom_margin=&#8221;0%|auto|0%|auto|false|false&#8221; custom_padding=&#8221;0px||0px||false|false&#8221; box_shadow_style=&#8221;preset3&#8243; box_shadow_vertical=&#8221;40px&#8221; box_shadow_blur=&#8221;67px&#8221; box_shadow_spread=&#8221;-34px&#8221; box_shadow_color=&#8221;rgba(0,0,0,0.1)&#8221; global_colors_info=&#8221;{}&#8221;][et_pb_column type=&#8221;1_2&#8243; _builder_version=&#8221;4.9.2&#8243; background_color=&#8221;#f4f4f4&#8243; background_color_gradient_direction=&#8221;35deg&#8221; custom_padding=&#8221;5%|5%|5%|5%|true|false&#8221; global_colors_info=&#8221;{}&#8221; custom_padding__hover=&#8221;|||&#8221;][et_pb_image src=&#8221;http:\/\/respaldo.estericlean.com\/store\/wp-content\/uploads\/2020\/11\/foto-7.jpg&#8221; title_text=&#8221;foto-1&#8243; align=&#8221;center&#8221; align_tablet=&#8221;center&#8221; align_phone=&#8221;&#8221; align_last_edited=&#8221;on|desktop&#8221; _builder_version=&#8221;4.9.2&#8243; custom_margin=&#8221;18px||||false|false&#8221; custom_padding=&#8221;|||&#8221; animation_style=&#8221;zoom&#8221; animation_direction=&#8221;left&#8221; animation_intensity_zoom=&#8221;10%&#8221; animation_starting_opacity=&#8221;100%&#8221; border_radii=&#8221;on|20px|20px|20px|20px&#8221; global_colors_info=&#8221;{}&#8221;][\/et_pb_image][\/et_pb_column][et_pb_column type=&#8221;1_2&#8243; _builder_version=&#8221;4.9.2&#8243; background_color=&#8221;#6b2071&#8243; custom_padding=&#8221;9%|40px|9%|40px|true|false&#8221; global_colors_info=&#8221;{}&#8221; custom_padding__hover=&#8221;|||&#8221;][et_pb_text _builder_version=&#8221;4.10.1&#8243; text_font=&#8221;Quicksand|600|||||||&#8221; text_text_color=&#8221;#FFFFFF&#8221; text_font_size=&#8221;40px&#8221; text_letter_spacing=&#8221;1px&#8221; text_orientation=&#8221;center&#8221; custom_padding=&#8221;||12px||false|false&#8221; hover_enabled=&#8221;0&#8243; text_orientation_tablet=&#8221;&#8221; text_orientation_phone=&#8221;center&#8221; text_orientation_last_edited=&#8221;on|phone&#8221; global_colors_info=&#8221;{}&#8221; text_line_height=&#8221;1.2em&#8221; sticky_enabled=&#8221;0&#8243;]<\/p>\n<p>Tapabocas Termosellado<\/p>\n<p>[\/et_pb_text][et_pb_text _builder_version=&#8221;4.9.2&#8243; text_font=&#8221;Quicksand|600|||||||&#8221; text_text_color=&#8221;#FFFFFF&#8221; text_font_size=&#8221;20px&#8221; text_line_height=&#8221;1.6em&#8221; text_orientation=&#8221;center&#8221; custom_margin=&#8221;4%||||false|false&#8221; custom_padding=&#8221;|2%|||false|false&#8221; text_orientation_tablet=&#8221;&#8221; text_orientation_phone=&#8221;center&#8221; text_orientation_last_edited=&#8221;on|phone&#8221; global_colors_info=&#8221;{}&#8221;]<\/p>\n<p>DESCRIPCI\u00d3N:[\/et_pb_text][et_pb_text _builder_version=&#8221;4.9.2&#8243; text_font=&#8221;Quicksand|500|||||||&#8221; text_text_color=&#8221;#FFFFFF&#8221; text_font_size=&#8221;16px&#8221; text_line_height=&#8221;1.6em&#8221; text_orientation=&#8221;center&#8221; custom_margin=&#8221;2%||||false|false&#8221; custom_padding=&#8221;|2%|||false|false&#8221; text_orientation_tablet=&#8221;&#8221; text_orientation_phone=&#8221;center&#8221; text_orientation_last_edited=&#8221;on|phone&#8221; global_colors_info=&#8221;{}&#8221;]Mascarilla desechable, no tejida, de 3 capas en acorde\u00f3n, de 180mm por 95mm con agarradera el\u00e1stica en forma de U para asegurar detr\u00e1s de la oreja. Fabricada con una capa de material filtrante entre dos capas de tela sint\u00e9tica, para un total de 3 capas: (27 GSM + 30 GSM +27 GSM PT).[\/et_pb_text][et_pb_text _builder_version=&#8221;4.9.2&#8243; text_font=&#8221;Quicksand|600|||||||&#8221; text_text_color=&#8221;#FFFFFF&#8221; text_font_size=&#8221;20px&#8221; text_line_height=&#8221;1.6em&#8221; text_orientation=&#8221;center&#8221; custom_margin=&#8221;4%||||false|false&#8221; custom_padding=&#8221;|2%|||false|false&#8221; text_orientation_tablet=&#8221;&#8221; text_orientation_phone=&#8221;center&#8221; text_orientation_last_edited=&#8221;on|phone&#8221; global_colors_info=&#8221;{}&#8221;]ESPECIFICACIONES T\u00c9CNICAS:[\/et_pb_text][et_pb_text _builder_version=&#8221;4.9.2&#8243; text_font=&#8221;Quicksand|500|||||||&#8221; text_text_color=&#8221;#FFFFFF&#8221; text_font_size=&#8221;16px&#8221; text_line_height=&#8221;1.6em&#8221; text_orientation=&#8221;center&#8221; custom_margin=&#8221;0%||||false|false&#8221; custom_padding=&#8221;|2%|||false|false&#8221; text_orientation_tablet=&#8221;&#8221; text_orientation_phone=&#8221;center&#8221; text_orientation_last_edited=&#8221;on|phone&#8221; global_colors_info=&#8221;{}&#8221;]Grado M\u00e9dico Hospitalario<br \/>\nTela no tejida \u2013 SMS\/Filtro Meltblown.[\/et_pb_text][et_pb_text _builder_version=&#8221;4.9.2&#8243; text_font=&#8221;Quicksand|600|||||||&#8221; text_text_color=&#8221;#FFFFFF&#8221; text_font_size=&#8221;20px&#8221; text_line_height=&#8221;1.6em&#8221; text_orientation=&#8221;center&#8221; custom_margin=&#8221;4%||||false|false&#8221; custom_padding=&#8221;|2%|||false|false&#8221; text_orientation_tablet=&#8221;&#8221; text_orientation_phone=&#8221;center&#8221; text_orientation_last_edited=&#8221;on|phone&#8221; global_colors_info=&#8221;{}&#8221;]RECOMENDACIONES:[\/et_pb_text][et_pb_text _builder_version=&#8221;4.9.7&#8243; text_font=&#8221;Quicksand|500|||||||&#8221; text_text_color=&#8221;#FFFFFF&#8221; text_font_size=&#8221;16px&#8221; text_line_height=&#8221;1.6em&#8221; text_orientation=&#8221;center&#8221; custom_margin=&#8221;0%||4%||false|false&#8221; custom_padding=&#8221;|2%|||false|false&#8221; text_orientation_tablet=&#8221;&#8221; text_orientation_phone=&#8221;center&#8221; text_orientation_last_edited=&#8221;on|phone&#8221; global_colors_info=&#8221;{}&#8221;]<\/p>\n<p>Desechar una vez usado.<br \/>Gramajes 27 \u2013 30\/ 27.<\/p>\n<p>[\/et_pb_text][et_pb_text _builder_version=&#8221;4.9.7&#8243; _module_preset=&#8221;default&#8221; text_font=&#8221;|600|||||||&#8221; text_text_color=&#8221;#FFFFFF&#8221; text_font_size=&#8221;17px&#8221; text_line_height=&#8221;1.2em&#8221; text_orientation=&#8221;center&#8221; custom_margin=&#8221;0px||25px||false|false&#8221; text_orientation_tablet=&#8221;&#8221; text_orientation_phone=&#8221;center&#8221; text_orientation_last_edited=&#8221;on|phone&#8221; global_colors_info=&#8221;{}&#8221;]<\/p>\n<p>Solicitar por <a href=\"https:\/\/api.whatsapp.com\/send?phone=573122025861&amp;text=\" target=\"_blank\" rel=\"noopener\"><span style=\"color: #25d366; text-decoration: underline;\">Whatsapp<\/span><\/a><\/p>\n<p>[\/et_pb_text][et_pb_button button_url=&#8221;http:\/\/respaldo.estericlean.com\/store\/solicitar-servicio\/&#8221; button_text=&#8221;Solicitar servicio&#8221; button_alignment=&#8221;center&#8221; button_alignment_tablet=&#8221;&#8221; button_alignment_phone=&#8221;center&#8221; button_alignment_last_edited=&#8221;on|phone&#8221; _builder_version=&#8221;4.9.7&#8243; _module_preset=&#8221;default&#8221; custom_button=&#8221;on&#8221; button_text_size=&#8221;16px&#8221; button_text_color=&#8221;#137cd0&#8243; button_bg_color=&#8221;#FFFFFF&#8221; button_border_width=&#8221;0px&#8221; button_border_radius=&#8221;30px&#8221; button_letter_spacing=&#8221;1px&#8221; button_font=&#8221;Quicksand|600|||||||&#8221; button_use_icon=&#8221;off&#8221; custom_margin=&#8221;3%||||false|false&#8221; custom_padding=&#8221;7px|23px|7px|23px|true|true&#8221; global_colors_info=&#8221;{}&#8221; button_bg_color__hover=&#8221;#137cd0&#8243; button_bg_color__hover_enabled=&#8221;on|hover&#8221; button_bg_enable_color__hover=&#8221;on&#8221; button_text_color__hover_enabled=&#8221;on|hover&#8221; button_text_color__hover=&#8221;#FFFFFF&#8221;][\/et_pb_button][\/et_pb_column][\/et_pb_row][\/et_pb_section][et_pb_section fb_built=&#8221;1&#8243; admin_label=&#8221;Collections&#8221; _builder_version=&#8221;4.9.7&#8243; custom_padding=&#8221;0px|0px|0px|0px|false|false&#8221; global_colors_info=&#8221;{}&#8221;][et_pb_row column_structure=&#8221;1_2,1_2&#8243; use_custom_gutter=&#8221;on&#8221; gutter_width=&#8221;1&#8243; make_equal=&#8221;on&#8221; _builder_version=&#8221;4.10.1&#8243; width=&#8221;100%&#8221; max_width=&#8221;100%&#8221; module_alignment=&#8221;center&#8221; custom_margin=&#8221;0%|auto|0%|auto|false|false&#8221; custom_padding=&#8221;0px||0px||false|false&#8221; hover_enabled=&#8221;0&#8243; box_shadow_style=&#8221;preset3&#8243; box_shadow_vertical=&#8221;40px&#8221; box_shadow_blur=&#8221;51px&#8221; box_shadow_spread=&#8221;-32px&#8221; box_shadow_color=&#8221;rgba(0,0,0,0.1)&#8221; global_colors_info=&#8221;{}&#8221; sticky_enabled=&#8221;0&#8243;][et_pb_column type=&#8221;1_2&#8243; _builder_version=&#8221;4.10.1&#8243; background_color=&#8221;#137cd0&#8243; custom_padding=&#8221;4%|40px|4%|40px|false|false&#8221; hover_enabled=&#8221;0&#8243; global_colors_info=&#8221;{}&#8221; custom_padding__hover=&#8221;|||&#8221; custom_padding_last_edited=&#8221;on|phone&#8221; custom_padding_phone=&#8221;10%|40px|10%|40px|false|false&#8221; sticky_enabled=&#8221;0&#8243;][et_pb_text _builder_version=&#8221;4.10.1&#8243; text_font=&#8221;Quicksand|600|||||||&#8221; text_text_color=&#8221;#FFFFFF&#8221; text_font_size=&#8221;40px&#8221; text_letter_spacing=&#8221;1px&#8221; text_orientation=&#8221;center&#8221; custom_padding=&#8221;||12px||false|false&#8221; hover_enabled=&#8221;0&#8243; text_orientation_tablet=&#8221;&#8221; text_orientation_phone=&#8221;center&#8221; text_orientation_last_edited=&#8221;on|phone&#8221; global_colors_info=&#8221;{}&#8221; text_line_height=&#8221;1.1em&#8221; sticky_enabled=&#8221;0&#8243;]<\/p>\n<p>Tapabocas Reutilizable<\/p>\n<p>[\/et_pb_text][et_pb_text _builder_version=&#8221;4.9.2&#8243; text_font=&#8221;Quicksand|600|||||||&#8221; text_text_color=&#8221;#FFFFFF&#8221; text_font_size=&#8221;20px&#8221; text_line_height=&#8221;1.6em&#8221; text_orientation=&#8221;center&#8221; custom_margin=&#8221;4%||||false|false&#8221; custom_padding=&#8221;|2%|||false|false&#8221; text_orientation_tablet=&#8221;&#8221; text_orientation_phone=&#8221;center&#8221; text_orientation_last_edited=&#8221;on|phone&#8221; global_colors_info=&#8221;{}&#8221;]<\/p>\n<p>DESCRIPCI\u00d3N:[\/et_pb_text][et_pb_text _builder_version=&#8221;4.9.2&#8243; text_font=&#8221;Quicksand|500|||||||&#8221; text_text_color=&#8221;#FFFFFF&#8221; text_font_size=&#8221;16px&#8221; text_line_height=&#8221;1.6em&#8221; text_orientation=&#8221;center&#8221; custom_margin=&#8221;2%||||false|false&#8221; custom_padding=&#8221;|2%|||false|false&#8221; text_orientation_tablet=&#8221;&#8221; text_orientation_phone=&#8221;center&#8221; text_orientation_last_edited=&#8221;on|phone&#8221; global_colors_info=&#8221;{}&#8221;]Mascarilla fabricada en tela anti fluido lavable, su dise\u00f1o con banda el\u00e1stica permite un correcto ajuste alrededor de la oreja sin lastimarla, es ligero y permite una respiraci\u00f3n fluida para el usuario.<\/p>\n<p>Puede usarse por tiempo prolongado y no produce cansancio mientras limita el pase de part\u00edculas contaminantes para prevenir infecciones.<\/p>\n<p>Limita el paso de part\u00edculas contaminantes para prevenir infecciones. No causa alergia, es lavable.[\/et_pb_text][et_pb_text _builder_version=&#8221;4.9.2&#8243; text_font=&#8221;Quicksand|600|||||||&#8221; text_text_color=&#8221;#FFFFFF&#8221; text_font_size=&#8221;20px&#8221; text_line_height=&#8221;1.6em&#8221; text_orientation=&#8221;center&#8221; custom_margin=&#8221;4%||||false|false&#8221; custom_padding=&#8221;|2%|||false|false&#8221; text_orientation_tablet=&#8221;&#8221; text_orientation_phone=&#8221;center&#8221; text_orientation_last_edited=&#8221;on|phone&#8221; global_colors_info=&#8221;{}&#8221;]ESPECIFICACIONES T\u00c9CNICAS:[\/et_pb_text][et_pb_text _builder_version=&#8221;4.9.2&#8243; text_font=&#8221;Quicksand|500|||||||&#8221; text_text_color=&#8221;#FFFFFF&#8221; text_font_size=&#8221;16px&#8221; text_line_height=&#8221;1.6em&#8221; text_orientation=&#8221;center&#8221; custom_margin=&#8221;0%||||false|false&#8221; custom_padding=&#8221;|2%|||false|false&#8221; text_orientation_tablet=&#8221;&#8221; text_orientation_phone=&#8221;center&#8221; text_orientation_last_edited=&#8221;on|phone&#8221; global_colors_info=&#8221;{}&#8221;]-Tela anti fluido: Poliester +\/- 10% 105-110 g\/m2<br \/>\n-Filtro politex: Tela quir\u00fargica 40gr tela no tejida.[\/et_pb_text][et_pb_text _builder_version=&#8221;4.9.2&#8243; text_font=&#8221;Quicksand|600|||||||&#8221; text_text_color=&#8221;#FFFFFF&#8221; text_font_size=&#8221;20px&#8221; text_line_height=&#8221;1.6em&#8221; text_orientation=&#8221;center&#8221; custom_margin=&#8221;4%||||false|false&#8221; custom_padding=&#8221;|2%|||false|false&#8221; text_orientation_tablet=&#8221;&#8221; text_orientation_phone=&#8221;center&#8221; text_orientation_last_edited=&#8221;on|phone&#8221; global_colors_info=&#8221;{}&#8221;]RECOMENDACIONES:[\/et_pb_text][et_pb_text _builder_version=&#8221;4.9.2&#8243; text_font=&#8221;Quicksand|500|||||||&#8221; text_text_color=&#8221;#FFFFFF&#8221; text_font_size=&#8221;16px&#8221; text_line_height=&#8221;1.6em&#8221; text_orientation=&#8221;center&#8221; custom_margin=&#8221;0%||4%||false|false&#8221; custom_padding=&#8221;|2%|||false|false&#8221; text_orientation_tablet=&#8221;&#8221; text_orientation_phone=&#8221;center&#8221; text_orientation_last_edited=&#8221;on|phone&#8221; global_colors_info=&#8221;{}&#8221;]Lavarlo cada noche para su uso al d\u00eda siguiente.<\/p>\n<p>Brindamos el servicio de personalizaci\u00f3n corporativa por sublimaci\u00f3n.[\/et_pb_text][et_pb_text _builder_version=&#8221;4.9.7&#8243; _module_preset=&#8221;default&#8221; text_font=&#8221;|600|||||||&#8221; text_text_color=&#8221;#FFFFFF&#8221; text_font_size=&#8221;17px&#8221; text_line_height=&#8221;1.2em&#8221; text_orientation=&#8221;center&#8221; custom_margin=&#8221;0px||25px||false|false&#8221; text_orientation_tablet=&#8221;&#8221; text_orientation_phone=&#8221;center&#8221; text_orientation_last_edited=&#8221;on|phone&#8221; global_colors_info=&#8221;{}&#8221;]<\/p>\n<p>Solicitar por <a href=\"https:\/\/api.whatsapp.com\/send?phone=573122025861&amp;text=\" target=\"_blank\" rel=\"noopener\"><span style=\"color: #25d366; text-decoration: underline;\">Whatsapp<\/span><\/a><\/p>\n<p>[\/et_pb_text][et_pb_button button_url=&#8221;http:\/\/respaldo.estericlean.com\/store\/solicitar-servicio\/&#8221; button_text=&#8221;Solicitar servicio&#8221; button_alignment=&#8221;center&#8221; button_alignment_tablet=&#8221;&#8221; button_alignment_phone=&#8221;center&#8221; button_alignment_last_edited=&#8221;on|phone&#8221; _builder_version=&#8221;4.9.7&#8243; _module_preset=&#8221;default&#8221; custom_button=&#8221;on&#8221; button_text_size=&#8221;16px&#8221; button_text_color=&#8221;#137cd0&#8243; button_bg_color=&#8221;#FFFFFF&#8221; button_border_width=&#8221;0px&#8221; button_border_radius=&#8221;30px&#8221; button_letter_spacing=&#8221;1px&#8221; button_font=&#8221;Quicksand|600|||||||&#8221; button_use_icon=&#8221;off&#8221; custom_margin=&#8221;3%||||false|false&#8221; custom_padding=&#8221;7px|23px|7px|23px|true|true&#8221; global_colors_info=&#8221;{}&#8221; button_bg_color__hover=&#8221;#6b2071&#8243; button_bg_color__hover_enabled=&#8221;on|hover&#8221; button_bg_enable_color__hover=&#8221;on&#8221; button_text_color__hover_enabled=&#8221;on|hover&#8221; button_text_color__hover=&#8221;#FFFFFF&#8221;][\/et_pb_button][\/et_pb_column][et_pb_column type=&#8221;1_2&#8243; _builder_version=&#8221;4.9.2&#8243; background_color=&#8221;#f4f4f4&#8243; background_color_gradient_direction=&#8221;35deg&#8221; custom_padding=&#8221;5%|5%|5%|5%|true|false&#8221; global_colors_info=&#8221;{}&#8221; custom_padding__hover=&#8221;|||&#8221;][et_pb_image src=&#8221;http:\/\/respaldo.estericlean.com\/store\/wp-content\/uploads\/2020\/11\/foto-8-480&#215;579.jpg&#8221; title_text=&#8221;foto-1&#8243; align=&#8221;center&#8221; align_tablet=&#8221;center&#8221; align_phone=&#8221;&#8221; align_last_edited=&#8221;on|desktop&#8221; _builder_version=&#8221;4.9.2&#8243; custom_margin=&#8221;18px||||false|false&#8221; custom_padding=&#8221;|||&#8221; animation_style=&#8221;zoom&#8221; animation_direction=&#8221;left&#8221; animation_intensity_zoom=&#8221;10%&#8221; animation_starting_opacity=&#8221;100%&#8221; border_radii=&#8221;on|20px|20px|20px|20px&#8221; global_colors_info=&#8221;{}&#8221;][\/et_pb_image][\/et_pb_column][\/et_pb_row][\/et_pb_section]<\/p>\n","protected":false},"excerpt":{"rendered":"<p>Tapabocas desechablesInicio \/ Tapabocas desechablesTapabocas TermoselladoDESCRIPCI\u00d3N:Mascarilla desechable, no tejida, de 3 capas en acorde\u00f3n, de 180mm por 95mm con agarradera el\u00e1stica en forma de U para asegurar detr\u00e1s de la oreja. Fabricada con una capa de material filtrante entre dos capas de tela sint\u00e9tica, para un total de 3 capas: (27 GSM + 30 GSM [&hellip;]<\/p>\n","protected":false},"author":1,"featured_media":0,"parent":0,"menu_order":0,"comment_status":"closed","ping_status":"closed","template":"","meta":{"nf_dc_page":"","_et_pb_use_builder":"on","_et_pb_old_content":"","_et_gb_content_width":"","om_disable_all_campaigns":false,"_joinchat":[],"footnotes":""},"class_list":["post-3303","page","type-page","status-publish","hentry"],"jetpack_sharing_enabled":true,"_links":{"self":[{"href":"https:\/\/respaldo.estericlean.com\/store\/wp-json\/wp\/v2\/pages\/3303","targetHints":{"allow":["GET"]}}],"collection":[{"href":"https:\/\/respaldo.estericlean.com\/store\/wp-json\/wp\/v2\/pages"}],"about":[{"href":"https:\/\/respaldo.estericlean.com\/store\/wp-json\/wp\/v2\/types\/page"}],"author":[{"embeddable":true,"href":"https:\/\/respaldo.estericlean.com\/store\/wp-json\/wp\/v2\/users\/1"}],"replies":[{"embeddable":true,"href":"https:\/\/respaldo.estericlean.com\/store\/wp-json\/wp\/v2\/comments?post=3303"}],"version-history":[{"count":4,"href":"https:\/\/respaldo.estericlean.com\/store\/wp-json\/wp\/v2\/pages\/3303\/revisions"}],"predecessor-version":[{"id":4046,"href":"https:\/\/respaldo.estericlean.com\/store\/wp-json\/wp\/v2\/pages\/3303\/revisions\/4046"}],"wp:attachment":[{"href":"https:\/\/respaldo.estericlean.com\/store\/wp-json\/wp\/v2\/media?parent=3303"}],"curies":[{"name":"wp","href":"https:\/\/api.w.org\/{rel}","templated":true}]}}