{"id":1117,"date":"2020-11-21T15:14:18","date_gmt":"2020-11-21T15:14:18","guid":{"rendered":"http:\/\/respaldo.estericlean.com\/store\/?page_id=1117"},"modified":"2021-07-28T20:03:06","modified_gmt":"2021-07-28T20:03:06","slug":"equipos","status":"publish","type":"page","link":"https:\/\/respaldo.estericlean.com\/store\/equipos\/","title":{"rendered":"Equipos"},"content":{"rendered":"<p>[et_pb_section fb_built=&#8221;1&#8243; _builder_version=&#8221;4.9.2&#8243; _module_preset=&#8221;default&#8221; background_enable_color=&#8221;off&#8221; use_background_color_gradient=&#8221;on&#8221; background_color_gradient_start=&#8221;rgba(19,124,208,0.77)&#8221; background_color_gradient_end=&#8221;rgba(40,59,106,0.48)&#8221; background_color_gradient_direction=&#8221;90deg&#8221; background_color_gradient_start_position=&#8221;26%&#8221; background_color_gradient_overlays_image=&#8221;on&#8221; background_image=&#8221;http:\/\/respaldo.estericlean.com\/store\/wp-content\/uploads\/2021\/03\/cabezote-equipo.jpg&#8221; custom_margin=&#8221;11px||||false|false&#8221; custom_padding=&#8221;3%||3%||true|false&#8221;][et_pb_row column_structure=&#8221;1_2,1_2&#8243; custom_padding_last_edited=&#8221;on|desktop&#8221; _builder_version=&#8221;4.9.2&#8243; _module_preset=&#8221;default&#8221; width=&#8221;90%&#8221; max_width=&#8221;90%&#8221; custom_padding=&#8221;||||false|false&#8221; custom_padding_tablet=&#8221;&#8221; custom_padding_phone=&#8221;20%||0px||false|false&#8221;][et_pb_column type=&#8221;1_2&#8243; _builder_version=&#8221;4.9.2&#8243; _module_preset=&#8221;default&#8221;][et_pb_text _builder_version=&#8221;4.9.2&#8243; text_font=&#8221;Quicksand|600|||||||&#8221; text_text_color=&#8221;#FFFFFF&#8221; text_font_size=&#8221;40px&#8221; text_letter_spacing=&#8221;1px&#8221; custom_margin=&#8221;||25px||false|false&#8221; custom_padding=&#8221;||||false|false&#8221; text_orientation_tablet=&#8221;&#8221; text_orientation_phone=&#8221;center&#8221; text_orientation_last_edited=&#8221;on|phone&#8221; locked=&#8221;off&#8221;]Equipos[\/et_pb_text][et_pb_text _builder_version=&#8221;4.9.2&#8243; _module_preset=&#8221;default&#8221; text_text_color=&#8221;#FFFFFF&#8221; text_orientation_tablet=&#8221;&#8221; text_orientation_phone=&#8221;center&#8221; text_orientation_last_edited=&#8221;on|phone&#8221;]<\/p>\n<p><span style=\"color: #fff;\"><a href=\"http:\/\/respaldo.estericlean.com\/store\/estericlean\/\" style=\"color: #fff;\">Inicio<\/a> <\/span>\/ Equipos<\/p>\n<p>[\/et_pb_text][\/et_pb_column][et_pb_column type=&#8221;1_2&#8243; _builder_version=&#8221;4.9.2&#8243; _module_preset=&#8221;default&#8221;][\/et_pb_column][\/et_pb_row][\/et_pb_section][et_pb_section fb_built=&#8221;1&#8243; _builder_version=&#8221;4.9.7&#8243; _module_preset=&#8221;default&#8221; background_color=&#8221;#fefefe&#8221; custom_margin=&#8221;||5%||false|false&#8221;][et_pb_row _builder_version=&#8221;4.9.4&#8243; _module_preset=&#8221;default&#8221;][et_pb_column type=&#8221;4_4&#8243; _builder_version=&#8221;4.9.4&#8243; _module_preset=&#8221;default&#8221;][et_pb_text _builder_version=&#8221;4.9.4&#8243; _module_preset=&#8221;default&#8221; text_font=&#8221;|600|||||||&#8221; text_text_color=&#8221;#9b9b9b&#8221; text_font_size=&#8221;23px&#8221; text_line_height=&#8221;1.2em&#8221; text_orientation=&#8221;center&#8221; custom_margin=&#8221;0px||15px||false|false&#8221; text_orientation_tablet=&#8221;&#8221; text_orientation_phone=&#8221;center&#8221; text_orientation_last_edited=&#8221;on|phone&#8221;]Optimizaci\u00f3n traducida a disminuci\u00f3n de costos[\/et_pb_text][et_pb_text _builder_version=&#8221;4.9.4&#8243; _module_preset=&#8221;default&#8221; text_font=&#8221;|600|||||||&#8221; text_text_color=&#8221;#213360&#8243; text_font_size=&#8221;16px&#8221; text_line_height=&#8221;1.6em&#8221; text_orientation=&#8221;center&#8221; text_orientation_tablet=&#8221;&#8221; text_orientation_phone=&#8221;center&#8221; text_orientation_last_edited=&#8221;on|phone&#8221;]Complementamos nuestra oferta de valor con una variada gama de equipos autom\u00e1ticos que brindan soluciones para obtener una dispensaci\u00f3n de productos exacta a las diluciones recomendadas.[\/et_pb_text][\/et_pb_column][\/et_pb_row][et_pb_row column_structure=&#8221;1_3,1_3,1_3&#8243; _builder_version=&#8221;4.9.7&#8243; _module_preset=&#8221;default&#8221; width=&#8221;90%&#8221; max_width=&#8221;90%&#8221;][et_pb_column type=&#8221;1_3&#8243; _builder_version=&#8221;4.9.7&#8243; _module_preset=&#8221;default&#8221; background_color=&#8221;#FFFFFF&#8221; transform_translate_linked__hover=&#8221;off&#8221; custom_padding=&#8221;3%|3%|3%|3%|true|true&#8221; link_option_url=&#8221;http:\/\/respaldo.estericlean.com\/store\/nebulizadores\/&#8221; custom_css_main_element=&#8221;height: 700px;&#8221; border_radii=&#8221;off|20px|20px|7px|7px&#8221; border_width_all=&#8221;1px&#8221; border_color_all=&#8221;#e0e0e0&#8243; border_width_bottom=&#8221;7px&#8221; border_color_bottom=&#8221;#2f4688&#8243; box_shadow_style=&#8221;preset1&#8243; box_shadow_blur=&#8221;31px&#8221; box_shadow_spread=&#8221;-8px&#8221; transform_styles__hover_enabled=&#8221;on|hover&#8221; transform_scale__hover_enabled=&#8221;on|hover&#8221; transform_translate__hover_enabled=&#8221;on|desktop&#8221; transform_rotate__hover_enabled=&#8221;on|desktop&#8221; transform_skew__hover_enabled=&#8221;on|desktop&#8221; transform_origin__hover_enabled=&#8221;on|desktop&#8221; transform_translate__hover=&#8221;0px|-10px&#8221;][et_pb_image src=&#8221;https:\/\/i2.wp.com\/estericlean.com\/store\/wp-content\/uploads\/2021\/06\/nebuatom.jpg?w=550&#038;ssl=1&#8243; title_text=&#8221;equipo-1&#8243; url=&#8221;http:\/\/respaldo.estericlean.com\/store\/todos-los-equipos\/#nebulizador&#8221; _builder_version=&#8221;4.9.7&#8243; _module_preset=&#8221;default&#8221; border_radii=&#8221;on|20px|20px|20px|20px&#8221; border_color_all=&#8221;#e5e5e5&#8243; transform_styles__hover_enabled=&#8221;on|hover&#8221; transform_scale__hover_enabled=&#8221;on|hover&#8221; transform_translate__hover_enabled=&#8221;on|desktop&#8221; transform_rotate__hover_enabled=&#8221;on|desktop&#8221; transform_skew__hover_enabled=&#8221;on|desktop&#8221; transform_origin__hover_enabled=&#8221;on|desktop&#8221;][\/et_pb_image][et_pb_text _builder_version=&#8221;4.9.7&#8243; _module_preset=&#8221;default&#8221; text_font=&#8221;Quicksand|600|||||||&#8221; text_text_color=&#8221;#222e51&#8243; text_font_size=&#8221;30px&#8221; text_letter_spacing=&#8221;1px&#8221; link_option_url=&#8221;http:\/\/respaldo.estericlean.com\/store\/todos-los-equipos\/#nebulizador&#8221; text_orientation_tablet=&#8221;&#8221; text_orientation_phone=&#8221;center&#8221; text_orientation_last_edited=&#8221;on|phone&#8221; text_text_color__hover_enabled=&#8221;on|hover&#8221; text_text_color__hover=&#8221;#137cd0&#8243;]<\/p>\n<p>Nebulizadores<\/p>\n<p>[\/et_pb_text][et_pb_text _builder_version=&#8221;4.9.2&#8243; _module_preset=&#8221;default&#8221; text_font=&#8221;Quicksand|600|||||||&#8221; text_text_color=&#8221;#666666&#8243; text_font_size=&#8221;16px&#8221; text_line_height=&#8221;1.6em&#8221; custom_padding=&#8221;|2%|||false|false&#8221; text_orientation_tablet=&#8221;&#8221; text_orientation_phone=&#8221;center&#8221; text_orientation_last_edited=&#8221;on|phone&#8221;]<\/p>\n<p><span>Este equipo crea una nube de micropart\u00edculas que pueden durar sostenida en el ambiente entre 30 y 45 minutos, logrando alcances hasta de 4 metros y un cubrimiento del 100% de las superficies nebulizadas.<\/span><\/p>\n<p>[\/et_pb_text][et_pb_button button_url=&#8221;http:\/\/respaldo.estericlean.com\/store\/todos-los-equipos\/#nebulizador&#8221; button_text=&#8221;Ver equipo&#8221; button_alignment=&#8221;left&#8221; button_alignment_tablet=&#8221;&#8221; button_alignment_phone=&#8221;center&#8221; button_alignment_last_edited=&#8221;on|phone&#8221; _builder_version=&#8221;4.9.7&#8243; _module_preset=&#8221;default&#8221; custom_button=&#8221;on&#8221; button_text_size=&#8221;16px&#8221; button_text_color=&#8221;#ffffff&#8221; button_bg_color=&#8221;#137CD0&#8243; button_border_width=&#8221;0px&#8221; button_border_radius=&#8221;30px&#8221; button_letter_spacing=&#8221;1px&#8221; button_font=&#8221;Quicksand|500|||||||&#8221; button_use_icon=&#8221;off&#8221; custom_margin=&#8221;||||false|false&#8221; custom_padding=&#8221;7px|23px|7px|23px|true|true&#8221; button_bg_color__hover=&#8221;#000000&#8243; button_bg_color__hover_enabled=&#8221;on|hover&#8221;][\/et_pb_button][\/et_pb_column][et_pb_column type=&#8221;1_3&#8243; _builder_version=&#8221;4.9.7&#8243; _module_preset=&#8221;default&#8221; background_color=&#8221;#FFFFFF&#8221; transform_translate_linked__hover=&#8221;off&#8221; custom_padding=&#8221;3%|3%|3%|3%|false|true&#8221; link_option_url=&#8221;http:\/\/respaldo.estericlean.com\/store\/dilusores\/&#8221; custom_css_main_element=&#8221;height: 700px;&#8221; border_radii=&#8221;off|20px|20px|7px|7px&#8221; border_width_all=&#8221;1px&#8221; border_color_all=&#8221;#e0e0e0&#8243; border_width_bottom=&#8221;7px&#8221; border_color_bottom=&#8221;#2f4688&#8243; box_shadow_style=&#8221;preset1&#8243; box_shadow_blur=&#8221;30px&#8221; box_shadow_spread=&#8221;-8px&#8221; transform_styles__hover_enabled=&#8221;on|hover&#8221; transform_scale__hover_enabled=&#8221;on|hover&#8221; transform_translate__hover_enabled=&#8221;on|desktop&#8221; transform_rotate__hover_enabled=&#8221;on|desktop&#8221; transform_skew__hover_enabled=&#8221;on|desktop&#8221; transform_origin__hover_enabled=&#8221;on|desktop&#8221; transform_translate__hover=&#8221;0px|-10px&#8221;][et_pb_image src=&#8221;http:\/\/respaldo.estericlean.com\/store\/wp-content\/uploads\/2021\/06\/promax-2.jpg&#8221; title_text=&#8221;promax-2&#8243; url=&#8221;http:\/\/respaldo.estericlean.com\/store\/todos-los-equipos\/#dilusores&#8221; _builder_version=&#8221;4.9.10&#8243; _module_preset=&#8221;default&#8221; hover_enabled=&#8221;0&#8243; border_radii=&#8221;on|20px|20px|20px|20px&#8221; border_color_all=&#8221;#e5e5e5&#8243; sticky_enabled=&#8221;0&#8243;][\/et_pb_image][et_pb_text _builder_version=&#8221;4.9.7&#8243; _module_preset=&#8221;default&#8221; text_font=&#8221;Quicksand|600|||||||&#8221; text_text_color=&#8221;#222e51&#8243; text_font_size=&#8221;30px&#8221; text_letter_spacing=&#8221;1px&#8221; link_option_url=&#8221;http:\/\/respaldo.estericlean.com\/store\/todos-los-equipos\/#dilusores&#8221; text_orientation_tablet=&#8221;&#8221; text_orientation_phone=&#8221;center&#8221; text_orientation_last_edited=&#8221;on|phone&#8221; text_text_color__hover=&#8221;#137cd0&#8243; text_text_color__hover_enabled=&#8221;on|hover&#8221;]<\/p>\n<p>Dilusores<\/p>\n<p>[\/et_pb_text][et_pb_text _builder_version=&#8221;4.9.7&#8243; _module_preset=&#8221;default&#8221; text_font=&#8221;Quicksand|600|||||||&#8221; text_text_color=&#8221;#666666&#8243; text_font_size=&#8221;16px&#8221; text_line_height=&#8221;1.6em&#8221; custom_padding=&#8221;|2%|||false|false&#8221; text_orientation_tablet=&#8221;&#8221; text_orientation_phone=&#8221;center&#8221; text_orientation_last_edited=&#8221;on|phone&#8221;]<\/p>\n<p>Mezcladores modulares autom\u00e1ticos que permiten crear unidades de dispensaci\u00f3n acoplando cualquier n\u00famero de estaciones para crear un sistema que se adapte a sus necesidades espec\u00edficas.<\/p>\n<p>[\/et_pb_text][et_pb_button button_url=&#8221;http:\/\/respaldo.estericlean.com\/store\/todos-los-equipos\/#dilusores&#8221; button_text=&#8221;Ver equipo&#8221; button_alignment=&#8221;left&#8221; button_alignment_tablet=&#8221;&#8221; button_alignment_phone=&#8221;center&#8221; button_alignment_last_edited=&#8221;on|phone&#8221; _builder_version=&#8221;4.9.7&#8243; _module_preset=&#8221;default&#8221; custom_button=&#8221;on&#8221; button_text_size=&#8221;16px&#8221; button_text_color=&#8221;#ffffff&#8221; button_bg_color=&#8221;#137CD0&#8243; button_border_width=&#8221;0px&#8221; button_border_radius=&#8221;30px&#8221; button_letter_spacing=&#8221;1px&#8221; button_font=&#8221;Quicksand|500|||||||&#8221; button_use_icon=&#8221;off&#8221; custom_margin=&#8221;||2px||false|false&#8221; custom_padding=&#8221;7px|23px|7px|23px|true|true&#8221; button_bg_color__hover=&#8221;#000000&#8243; button_bg_color__hover_enabled=&#8221;on|hover&#8221;][\/et_pb_button][\/et_pb_column][et_pb_column type=&#8221;1_3&#8243; _builder_version=&#8221;4.9.7&#8243; _module_preset=&#8221;default&#8221; background_color=&#8221;#FFFFFF&#8221; transform_translate_linked__hover=&#8221;off&#8221; custom_padding=&#8221;3%|3%|3%|3%|true|true&#8221; link_option_url=&#8221;http:\/\/respaldo.estericlean.com\/store\/nebulizadores\/&#8221; custom_css_main_element=&#8221;height: 700px;&#8221; border_radii=&#8221;off|20px|20px|7px|7px&#8221; border_width_all=&#8221;1px&#8221; border_color_all=&#8221;#e0e0e0&#8243; border_width_bottom=&#8221;7px&#8221; border_color_bottom=&#8221;#2f4688&#8243; box_shadow_style=&#8221;preset1&#8243; box_shadow_blur=&#8221;31px&#8221; box_shadow_spread=&#8221;-8px&#8221; transform_styles__hover_enabled=&#8221;on|hover&#8221; transform_scale__hover_enabled=&#8221;on|hover&#8221; transform_translate__hover_enabled=&#8221;on|desktop&#8221; transform_rotate__hover_enabled=&#8221;on|desktop&#8221; transform_skew__hover_enabled=&#8221;on|desktop&#8221; transform_origin__hover_enabled=&#8221;on|desktop&#8221; transform_translate__hover=&#8221;0px|-10px&#8221;][et_pb_image src=&#8221;https:\/\/i2.wp.com\/estericlean.com\/store\/wp-content\/uploads\/2021\/06\/protwin.jpg?w=550&#038;ssl=1&#8243; title_text=&#8221;equipo-1&#8243; url=&#8221;http:\/\/respaldo.estericlean.com\/store\/todos-los-equipos\/#espumador&#8221; _builder_version=&#8221;4.9.7&#8243; _module_preset=&#8221;default&#8221; border_radii=&#8221;on|20px|20px|20px|20px&#8221; border_color_all=&#8221;#e5e5e5&#8243; transform_styles__hover_enabled=&#8221;on|hover&#8221; transform_scale__hover_enabled=&#8221;on|hover&#8221; transform_translate__hover_enabled=&#8221;on|desktop&#8221; transform_rotate__hover_enabled=&#8221;on|desktop&#8221; transform_skew__hover_enabled=&#8221;on|desktop&#8221; transform_origin__hover_enabled=&#8221;on|desktop&#8221;][\/et_pb_image][et_pb_text _builder_version=&#8221;4.9.7&#8243; _module_preset=&#8221;default&#8221; text_font=&#8221;Quicksand|600|||||||&#8221; text_text_color=&#8221;#222e51&#8243; text_font_size=&#8221;30px&#8221; text_letter_spacing=&#8221;1px&#8221; link_option_url=&#8221;http:\/\/respaldo.estericlean.com\/store\/todos-los-equipos\/#espumador&#8221; text_orientation_tablet=&#8221;&#8221; text_orientation_phone=&#8221;center&#8221; text_orientation_last_edited=&#8221;on|phone&#8221; text_text_color__hover_enabled=&#8221;on|hover&#8221; text_text_color__hover=&#8221;#137cd0&#8243;]<\/p>\n<p>Espumadores<\/p>\n<p>[\/et_pb_text][et_pb_text _builder_version=&#8221;4.9.7&#8243; _module_preset=&#8221;default&#8221; text_font=&#8221;Quicksand|600|||||||&#8221; text_text_color=&#8221;#666666&#8243; text_font_size=&#8221;16px&#8221; text_line_height=&#8221;1.6em&#8221; custom_padding=&#8221;|2%|||false|false&#8221; text_orientation_tablet=&#8221;&#8221; text_orientation_phone=&#8221;center&#8221; text_orientation_last_edited=&#8221;on|phone&#8221;]Lorem ipsum dolor sit amet, consectetur adipiscing elit, sed do eiusmod tempor incididunt ut labore et dolore magna aliqua. Ut enim ad minim veniam, quis nostrud exercitation ullamco laboris nisi ut aliquip ex ea commodo consequat. [\/et_pb_text][et_pb_button button_url=&#8221;http:\/\/respaldo.estericlean.com\/store\/todos-los-equipos\/#espumador&#8221; button_text=&#8221;Ver equipo&#8221; button_alignment=&#8221;left&#8221; button_alignment_tablet=&#8221;&#8221; button_alignment_phone=&#8221;center&#8221; button_alignment_last_edited=&#8221;on|phone&#8221; _builder_version=&#8221;4.9.7&#8243; _module_preset=&#8221;default&#8221; custom_button=&#8221;on&#8221; button_text_size=&#8221;16px&#8221; button_text_color=&#8221;#ffffff&#8221; button_bg_color=&#8221;#137CD0&#8243; button_border_width=&#8221;0px&#8221; button_border_radius=&#8221;30px&#8221; button_letter_spacing=&#8221;1px&#8221; button_font=&#8221;Quicksand|500|||||||&#8221; button_use_icon=&#8221;off&#8221; custom_margin=&#8221;||||false|false&#8221; custom_padding=&#8221;7px|23px|7px|23px|true|true&#8221; button_bg_color__hover=&#8221;#000000&#8243; button_bg_color__hover_enabled=&#8221;on|hover&#8221;][\/et_pb_button][\/et_pb_column][\/et_pb_row][et_pb_row _builder_version=&#8221;4.9.7&#8243; _module_preset=&#8221;default&#8221;][et_pb_column type=&#8221;4_4&#8243; _builder_version=&#8221;4.9.7&#8243; _module_preset=&#8221;default&#8221;][et_pb_button button_url=&#8221;http:\/\/respaldo.estericlean.com\/store\/todos-los-equipos\/&#8221; button_text=&#8221;Ver todos los equipos&#8221; button_alignment=&#8221;center&#8221; button_alignment_tablet=&#8221;&#8221; button_alignment_phone=&#8221;center&#8221; button_alignment_last_edited=&#8221;on|phone&#8221; _builder_version=&#8221;4.9.7&#8243; _module_preset=&#8221;default&#8221; custom_button=&#8221;on&#8221; button_text_size=&#8221;16px&#8221; button_text_color=&#8221;#ffffff&#8221; button_bg_color=&#8221;#137CD0&#8243; button_border_width=&#8221;0px&#8221; button_border_radius=&#8221;30px&#8221; button_letter_spacing=&#8221;1px&#8221; button_font=&#8221;Quicksand|500|||||||&#8221; button_use_icon=&#8221;off&#8221; custom_margin=&#8221;||||false|false&#8221; custom_padding=&#8221;6px|35px|6px|35px|true|true&#8221; button_bg_color__hover=&#8221;#000000&#8243; button_bg_color__hover_enabled=&#8221;on|hover&#8221;][\/et_pb_button][\/et_pb_column][\/et_pb_row][\/et_pb_section]<\/p>\n","protected":false},"excerpt":{"rendered":"<p>EquiposInicio \/ EquiposOptimizaci\u00f3n traducida a disminuci\u00f3n de costosComplementamos nuestra oferta de valor con una variada gama de equipos autom\u00e1ticos que brindan soluciones para obtener una dispensaci\u00f3n de productos exacta a las diluciones recomendadas.NebulizadoresEste equipo crea una nube de micropart\u00edculas que pueden durar sostenida en el ambiente entre 30 y 45 minutos, logrando alcances hasta de [&hellip;]<\/p>\n","protected":false},"author":1,"featured_media":0,"parent":0,"menu_order":0,"comment_status":"closed","ping_status":"closed","template":"","meta":{"nf_dc_page":"","_et_pb_use_builder":"on","_et_pb_old_content":"","_et_gb_content_width":"","om_disable_all_campaigns":false,"_joinchat":[],"footnotes":""},"class_list":["post-1117","page","type-page","status-publish","hentry"],"jetpack_sharing_enabled":true,"_links":{"self":[{"href":"https:\/\/respaldo.estericlean.com\/store\/wp-json\/wp\/v2\/pages\/1117","targetHints":{"allow":["GET"]}}],"collection":[{"href":"https:\/\/respaldo.estericlean.com\/store\/wp-json\/wp\/v2\/pages"}],"about":[{"href":"https:\/\/respaldo.estericlean.com\/store\/wp-json\/wp\/v2\/types\/page"}],"author":[{"embeddable":true,"href":"https:\/\/respaldo.estericlean.com\/store\/wp-json\/wp\/v2\/users\/1"}],"replies":[{"embeddable":true,"href":"https:\/\/respaldo.estericlean.com\/store\/wp-json\/wp\/v2\/comments?post=1117"}],"version-history":[{"count":35,"href":"https:\/\/respaldo.estericlean.com\/store\/wp-json\/wp\/v2\/pages\/1117\/revisions"}],"predecessor-version":[{"id":3898,"href":"https:\/\/respaldo.estericlean.com\/store\/wp-json\/wp\/v2\/pages\/1117\/revisions\/3898"}],"wp:attachment":[{"href":"https:\/\/respaldo.estericlean.com\/store\/wp-json\/wp\/v2\/media?parent=1117"}],"curies":[{"name":"wp","href":"https:\/\/api.w.org\/{rel}","templated":true}]}}