{"id":1078,"date":"2020-11-20T18:38:13","date_gmt":"2020-11-20T18:38:13","guid":{"rendered":"http:\/\/respaldo.estericlean.com\/store\/?page_id=1078"},"modified":"2021-08-19T22:15:18","modified_gmt":"2021-08-19T22:15:18","slug":"esteritex","status":"publish","type":"page","link":"https:\/\/respaldo.estericlean.com\/store\/esteritex\/","title":{"rendered":"Esteritex"},"content":{"rendered":"<p>[et_pb_section fb_built=&#8221;1&#8243; _builder_version=&#8221;4.9.2&#8243; _module_preset=&#8221;default&#8221; background_enable_color=&#8221;off&#8221; use_background_color_gradient=&#8221;on&#8221; background_color_gradient_start=&#8221;rgba(19,124,208,0.77)&#8221; background_color_gradient_end=&#8221;rgba(40,59,106,0.48)&#8221; background_color_gradient_direction=&#8221;90deg&#8221; background_color_gradient_start_position=&#8221;26%&#8221; background_color_gradient_overlays_image=&#8221;on&#8221; background_image=&#8221;http:\/\/respaldo.estericlean.com\/store\/wp-content\/uploads\/2021\/03\/cabezote-esteritex.jpg&#8221; custom_margin=&#8221;11px||||false|false&#8221; custom_padding=&#8221;3%||3%||true|false&#8221; global_colors_info=&#8221;{}&#8221;][et_pb_row column_structure=&#8221;1_2,1_2&#8243; _builder_version=&#8221;4.9.2&#8243; _module_preset=&#8221;default&#8221; width=&#8221;90%&#8221; max_width=&#8221;90%&#8221; global_colors_info=&#8221;{}&#8221;][et_pb_column type=&#8221;1_2&#8243; _builder_version=&#8221;4.9.2&#8243; _module_preset=&#8221;default&#8221; global_colors_info=&#8221;{}&#8221;][et_pb_text _builder_version=&#8221;4.9.2&#8243; text_font=&#8221;Quicksand|600|||||||&#8221; text_text_color=&#8221;#FFFFFF&#8221; text_font_size=&#8221;40px&#8221; text_letter_spacing=&#8221;1px&#8221; custom_margin=&#8221;||25px||false|false&#8221; custom_padding=&#8221;||||false|false&#8221; text_orientation_tablet=&#8221;&#8221; text_orientation_phone=&#8221;center&#8221; text_orientation_last_edited=&#8221;on|phone&#8221; locked=&#8221;off&#8221; global_colors_info=&#8221;{}&#8221;]EsteriTex[\/et_pb_text][et_pb_text _builder_version=&#8221;4.10.1&#8243; _module_preset=&#8221;default&#8221; text_text_color=&#8221;#FFFFFF&#8221; hover_enabled=&#8221;0&#8243; global_colors_info=&#8221;{}&#8221; text_orientation_last_edited=&#8221;on|phone&#8221; text_orientation_phone=&#8221;center&#8221; sticky_enabled=&#8221;0&#8243;]<\/p>\n<p><span style=\"color: #fff;\"><a href=\"http:\/\/respaldo.estericlean.com\/store\/estericlean\/\" style=\"color: #fff;\">Inicio<\/a> <\/span>\/ EsteriTex<\/p>\n<p>[\/et_pb_text][\/et_pb_column][et_pb_column type=&#8221;1_2&#8243; _builder_version=&#8221;4.9.2&#8243; _module_preset=&#8221;default&#8221; global_colors_info=&#8221;{}&#8221;][\/et_pb_column][\/et_pb_row][\/et_pb_section][et_pb_section fb_built=&#8221;1&#8243; _builder_version=&#8221;4.9.2&#8243; _module_preset=&#8221;default&#8221; custom_padding=&#8221;||41px|||&#8221; global_colors_info=&#8221;{}&#8221;][et_pb_row _builder_version=&#8221;4.9.2&#8243; _module_preset=&#8221;default&#8221; background_color=&#8221;#f7f7f7&#8243; border_radii=&#8221;on|14px|14px|14px|14px&#8221; global_colors_info=&#8221;{}&#8221;][et_pb_column type=&#8221;4_4&#8243; _builder_version=&#8221;4.9.2&#8243; _module_preset=&#8221;default&#8221; global_colors_info=&#8221;{}&#8221;][et_pb_text _builder_version=&#8221;4.9.10&#8243; _module_preset=&#8221;default&#8221; text_font=&#8221;|600|||||||&#8221; text_text_color=&#8221;#213360&#8243; text_font_size=&#8221;21px&#8221; text_line_height=&#8221;1.6em&#8221; text_orientation=&#8221;center&#8221; text_orientation_tablet=&#8221;&#8221; text_orientation_phone=&#8221;center&#8221; text_orientation_last_edited=&#8221;on|phone&#8221; global_colors_info=&#8221;{}&#8221;]<\/p>\n<p>Dise\u00f1o y fabricaci\u00f3n de ropa e insumos desechables y antifluidos, m\u00e9dico-hospitalarios e industriales.<\/p>\n<p>[\/et_pb_text][\/et_pb_column][\/et_pb_row][\/et_pb_section][et_pb_section fb_built=&#8221;1&#8243; _builder_version=&#8221;4.9.7&#8243; _module_preset=&#8221;default&#8221; global_colors_info=&#8221;{}&#8221;][et_pb_row column_structure=&#8221;1_2,1_2&#8243; _builder_version=&#8221;4.9.7&#8243; _module_preset=&#8221;default&#8221; width=&#8221;60%&#8221; width_tablet=&#8221;&#8221; width_phone=&#8221;80%&#8221; width_last_edited=&#8221;on|phone&#8221; max_width=&#8221;60%&#8221; max_width_tablet=&#8221;&#8221; max_width_phone=&#8221;80%&#8221; max_width_last_edited=&#8221;on|phone&#8221; global_colors_info=&#8221;{}&#8221;][et_pb_column type=&#8221;1_2&#8243; _builder_version=&#8221;4.9.7&#8243; _module_preset=&#8221;default&#8221; global_colors_info=&#8221;{}&#8221;][et_pb_blurb title=&#8221;Tapabocas desechables&#8221; url=&#8221;http:\/\/respaldo.estericlean.com\/store\/tapabocas-desechables\/&#8221; image=&#8221;http:\/\/respaldo.estericlean.com\/store\/wp-content\/uploads\/2020\/11\/foto-7.jpg&#8221; _builder_version=&#8221;4.9.7&#8243; _module_preset=&#8221;default&#8221; header_font=&#8221;Quicksand|600|||||||&#8221; header_text_align=&#8221;center&#8221; header_text_color=&#8221;#222e51&#8243; header_font_size=&#8221;30px&#8221; header_letter_spacing=&#8221;1px&#8221; header_line_height=&#8221;1.3em&#8221; background_color=&#8221;#f4f4f4&#8243; background_enable_image=&#8221;off&#8221; min_height=&#8221;485px&#8221; min_height_tablet=&#8221;&#8221; min_height_phone=&#8221;&#8221; min_height_last_edited=&#8221;on|phone&#8221; max_height=&#8221;485px&#8221; max_height_tablet=&#8221;&#8221; max_height_phone=&#8221;&#8221; max_height_last_edited=&#8221;on|phone&#8221; custom_padding=&#8221;10%|10%|10%|10%|true|true&#8221; link_option_url=&#8221;http:\/\/respaldo.estericlean.com\/store\/tapabocas-desechables\/&#8221; border_radii=&#8221;on|20px|20px|20px|20px&#8221; box_shadow_style=&#8221;preset2&#8243; box_shadow_spread=&#8221;-15px&#8221; global_colors_info=&#8221;{}&#8221; header_text_color__hover_enabled=&#8221;on|desktop&#8221; header_text_color__hover=&#8221;#137cd0&#8243; box_shadow_horizontal__hover_enabled=&#8221;on|desktop&#8221; box_shadow_horizontal__hover=&#8221;8px&#8221; box_shadow_vertical__hover_enabled=&#8221;on|hover&#8221; box_shadow_vertical__hover=&#8221;8px&#8221;][\/et_pb_blurb][\/et_pb_column][et_pb_column type=&#8221;1_2&#8243; _builder_version=&#8221;4.9.7&#8243; _module_preset=&#8221;default&#8221; global_colors_info=&#8221;{}&#8221;][et_pb_blurb title=&#8221;Ropa descartable&#8221; url=&#8221;http:\/\/respaldo.estericlean.com\/store\/ropa-descartable\/&#8221; image=&#8221;http:\/\/respaldo.estericlean.com\/store\/wp-content\/uploads\/2021\/06\/ropa.jpg&#8221; _builder_version=&#8221;4.9.7&#8243; _module_preset=&#8221;default&#8221; header_font=&#8221;Quicksand|600|||||||&#8221; header_text_align=&#8221;center&#8221; header_text_color=&#8221;#222e51&#8243; header_font_size=&#8221;30px&#8221; header_letter_spacing=&#8221;1px&#8221; header_line_height=&#8221;1.3em&#8221; background_color=&#8221;#f4f4f4&#8243; background_enable_image=&#8221;off&#8221; min_height=&#8221;485px&#8221; min_height_tablet=&#8221;&#8221; min_height_phone=&#8221;&#8221; min_height_last_edited=&#8221;on|phone&#8221; max_height=&#8221;485px&#8221; max_height_tablet=&#8221;&#8221; max_height_phone=&#8221;&#8221; max_height_last_edited=&#8221;on|phone&#8221; custom_padding=&#8221;10%|10%|10%|10%|true|true&#8221; link_option_url=&#8221;http:\/\/respaldo.estericlean.com\/store\/ropa-descartable\/&#8221; border_radii=&#8221;on|20px|20px|20px|20px&#8221; box_shadow_style=&#8221;preset2&#8243; box_shadow_spread=&#8221;-15px&#8221; global_colors_info=&#8221;{}&#8221; header_text_color__hover_enabled=&#8221;on|desktop&#8221; header_text_color__hover=&#8221;#137cd0&#8243; box_shadow_horizontal__hover=&#8221;8px&#8221; box_shadow_horizontal__hover_enabled=&#8221;on|desktop&#8221; box_shadow_vertical__hover=&#8221;8px&#8221; box_shadow_vertical__hover_enabled=&#8221;on|hover&#8221;][\/et_pb_blurb][\/et_pb_column][\/et_pb_row][\/et_pb_section][et_pb_section fb_built=&#8221;1&#8243; _builder_version=&#8221;4.9.2&#8243; _module_preset=&#8221;default&#8221; custom_padding=&#8221;0px|||||&#8221; global_colors_info=&#8221;{}&#8221;][et_pb_row _builder_version=&#8221;4.9.2&#8243; _module_preset=&#8221;default&#8221; global_colors_info=&#8221;{}&#8221;][et_pb_column type=&#8221;4_4&#8243; _builder_version=&#8221;4.9.2&#8243; _module_preset=&#8221;default&#8221; global_colors_info=&#8221;{}&#8221;][et_pb_text _builder_version=&#8221;4.9.7&#8243; text_font=&#8221;Quicksand|600|||||||&#8221; text_text_color=&#8221;#222e51&#8243; text_font_size=&#8221;40px&#8221; text_letter_spacing=&#8221;1px&#8221; text_line_height=&#8221;1.2em&#8221; text_orientation=&#8221;center&#8221; custom_padding=&#8221;||12px||false|false&#8221; text_orientation_tablet=&#8221;&#8221; text_orientation_phone=&#8221;center&#8221; text_orientation_last_edited=&#8221;on|phone&#8221; global_colors_info=&#8221;{}&#8221;]<\/p>\n<p>SABEMOS LO QUE HACEMOS<\/p>\n<p>[\/et_pb_text][et_pb_text _builder_version=&#8221;4.9.2&#8243; _module_preset=&#8221;default&#8221; text_font=&#8221;Quicksand|600|||||||&#8221; text_text_color=&#8221;#666666&#8243; text_font_size=&#8221;16px&#8221; text_line_height=&#8221;1.6em&#8221; text_orientation=&#8221;center&#8221; width=&#8221;86%&#8221; module_alignment=&#8221;center&#8221; custom_padding=&#8221;|2%|||false|false&#8221; text_orientation_tablet=&#8221;&#8221; text_orientation_phone=&#8221;center&#8221; text_orientation_last_edited=&#8221;on|phone&#8221; global_colors_info=&#8221;{}&#8221;]Por eso enfocamos nuestras acciones en caminar siempre dentro del marco de la legislaci\u00f3n, as\u00ed aseguramos la operaci\u00f3n de nuestra empresa.[\/et_pb_text][\/et_pb_column][\/et_pb_row][et_pb_row column_structure=&#8221;1_2,1_2&#8243; _builder_version=&#8221;4.7.7&#8243; _module_preset=&#8221;default&#8221; global_colors_info=&#8221;{}&#8221;][et_pb_column type=&#8221;1_2&#8243; _builder_version=&#8221;4.7.7&#8243; _module_preset=&#8221;default&#8221; global_colors_info=&#8221;{}&#8221;][et_pb_blurb use_icon=&#8221;on&#8221; font_icon=&#8221;%%40%%&#8221; icon_color=&#8221;#137BD0&#8243; icon_placement=&#8221;left&#8221; _builder_version=&#8221;4.9.10&#8243; _module_preset=&#8221;default&#8221; body_text_color=&#8221;#137bd0&#8243; body_font_size=&#8221;23px&#8221; body_line_height=&#8221;1.2em&#8221; body_font_size_tablet=&#8221;&#8221; body_font_size_phone=&#8221;18px&#8221; body_font_size_last_edited=&#8221;on|phone&#8221; global_colors_info=&#8221;{}&#8221;]<\/p>\n<p>A\u00f1os de experiencia en BIOSEGURIDAD<br \/>hospitalaria e industriales.<\/p>\n<p>[\/et_pb_blurb][et_pb_blurb use_icon=&#8221;on&#8221; font_icon=&#8221;%%40%%&#8221; icon_color=&#8221;#137BD0&#8243; icon_placement=&#8221;left&#8221; _builder_version=&#8221;4.9.10&#8243; _module_preset=&#8221;default&#8221; body_text_color=&#8221;#137bd0&#8243; body_font_size=&#8221;23px&#8221; body_line_height=&#8221;1.2em&#8221; body_font_size_tablet=&#8221;&#8221; body_font_size_phone=&#8221;18px&#8221; body_font_size_last_edited=&#8221;on|phone&#8221; global_colors_info=&#8221;{}&#8221;]<\/p>\n<p>Personal t\u00e9cnico capacitado en BPB<\/p>\n<p>[\/et_pb_blurb][et_pb_blurb use_icon=&#8221;on&#8221; font_icon=&#8221;%%40%%&#8221; icon_color=&#8221;#137BD0&#8243; icon_placement=&#8221;left&#8221; _builder_version=&#8221;4.7.7&#8243; _module_preset=&#8221;default&#8221; body_text_color=&#8221;#137bd0&#8243; body_font_size=&#8221;23px&#8221; body_line_height=&#8221;1.2em&#8221; body_font_size_tablet=&#8221;&#8221; body_font_size_phone=&#8221;18px&#8221; body_font_size_last_edited=&#8221;on|phone&#8221; global_colors_info=&#8221;{}&#8221;]<\/p>\n<p>Planta habilitada por el INVIMA<\/p>\n<p>[\/et_pb_blurb][et_pb_text _builder_version=&#8221;4.9.10&#8243; text_font=&#8221;|600|||||||&#8221; text_text_color=&#8221;#213360&#8243; text_font_size=&#8221;16px&#8221; text_line_height=&#8221;1.6em&#8221; text_orientation_tablet=&#8221;&#8221; text_orientation_phone=&#8221;center&#8221; text_orientation_last_edited=&#8221;on|phone&#8221; global_colors_info=&#8221;{}&#8221;]<\/p>\n<p>Hemos habilitado una nueva planta de fabricaci\u00f3n de insumos textiles requeridos en el sector tanto m\u00e9dico hospitalario, como el industrial. \u00a0De esta manera podemos ofrecer procesos de manufactura que cumplen estrictos modelos de producci\u00f3n, al contar con certificaci\u00f3n INVIMA para fabricaci\u00f3n de Dispositivos M\u00e9dicos.<\/p>\n<p>Esto nos permite la fabricaci\u00f3n directa de Tapabocas desechables termosellados grado m\u00e9dico tipo exportaci\u00f3n con Registro Sanitario, con el cumplimiento de todas las pruebas de laboratorio en eficacia de filtraci\u00f3n bacteriana, respirabilidad (presi\u00f3n diferencial), resistencia a salpicaduras y limpieza microbiana, bajo las normas internacionales de estandarizaci\u00f3n UNE-EN 14683:2019, ISO 11737:2018, ASTM F1862 y NTC1733:2020<\/p>\n<p>[\/et_pb_text][\/et_pb_column][et_pb_column type=&#8221;1_2&#8243; _builder_version=&#8221;4.7.7&#8243; _module_preset=&#8221;default&#8221; global_colors_info=&#8221;{}&#8221;][et_pb_image src=&#8221;http:\/\/respaldo.estericlean.com\/store\/wp-content\/uploads\/2020\/11\/icono-2.png&#8221; _builder_version=&#8221;4.10.1&#8243; _module_preset=&#8221;default&#8221; title_text=&#8221;icono-2&#8243; align=&#8221;center&#8221; hover_enabled=&#8221;0&#8243; sticky_enabled=&#8221;0&#8243;][\/et_pb_image][\/et_pb_column][\/et_pb_row][\/et_pb_section]<\/p>\n","protected":false},"excerpt":{"rendered":"<p>EsteriTexInicio \/ EsteriTexDise\u00f1o y fabricaci\u00f3n de ropa e insumos desechables y antifluidos, m\u00e9dico-hospitalarios e industriales.SABEMOS LO QUE HACEMOSPor eso enfocamos nuestras acciones en caminar siempre dentro del marco de la legislaci\u00f3n, as\u00ed aseguramos la operaci\u00f3n de nuestra empresa.A\u00f1os de experiencia en BIOSEGURIDADhospitalaria e industriales.Personal t\u00e9cnico capacitado en BPBPlanta habilitada por el INVIMAHemos habilitado una nueva [&hellip;]<\/p>\n","protected":false},"author":1,"featured_media":0,"parent":0,"menu_order":0,"comment_status":"closed","ping_status":"closed","template":"","meta":{"nf_dc_page":"","_et_pb_use_builder":"on","_et_pb_old_content":"","_et_gb_content_width":"","om_disable_all_campaigns":false,"_joinchat":[],"footnotes":""},"class_list":["post-1078","page","type-page","status-publish","hentry"],"jetpack_sharing_enabled":true,"_links":{"self":[{"href":"https:\/\/respaldo.estericlean.com\/store\/wp-json\/wp\/v2\/pages\/1078","targetHints":{"allow":["GET"]}}],"collection":[{"href":"https:\/\/respaldo.estericlean.com\/store\/wp-json\/wp\/v2\/pages"}],"about":[{"href":"https:\/\/respaldo.estericlean.com\/store\/wp-json\/wp\/v2\/types\/page"}],"author":[{"embeddable":true,"href":"https:\/\/respaldo.estericlean.com\/store\/wp-json\/wp\/v2\/users\/1"}],"replies":[{"embeddable":true,"href":"https:\/\/respaldo.estericlean.com\/store\/wp-json\/wp\/v2\/comments?post=1078"}],"version-history":[{"count":42,"href":"https:\/\/respaldo.estericlean.com\/store\/wp-json\/wp\/v2\/pages\/1078\/revisions"}],"predecessor-version":[{"id":4045,"href":"https:\/\/respaldo.estericlean.com\/store\/wp-json\/wp\/v2\/pages\/1078\/revisions\/4045"}],"wp:attachment":[{"href":"https:\/\/respaldo.estericlean.com\/store\/wp-json\/wp\/v2\/media?parent=1078"}],"curies":[{"name":"wp","href":"https:\/\/api.w.org\/{rel}","templated":true}]}}